{"id":17642,"date":"2026-04-30T07:45:32","date_gmt":"2026-04-30T07:45:32","guid":{"rendered":"https:\/\/edubags.ee\/toode\/sublimaatiopainettu-mikrokuitupyyhe-taydellinen-lahja-ja-mainostuote-2\/"},"modified":"2026-04-30T07:45:32","modified_gmt":"2026-04-30T07:45:32","slug":"sublimaatiopainettu-mikrokuitupyyhe-taydellinen-lahja-ja-mainostuote-2","status":"publish","type":"product","link":"https:\/\/edubags.ee\/fi\/toode\/sublimaatiopainettu-mikrokuitupyyhe-taydellinen-lahja-ja-mainostuote-2\/","title":{"rendered":"Sublimaatiopainettu mikrokuitupyyhe \u2013 t\u00e4ydellinen lahja ja mainostuote"},"content":{"rendered":"<p data-start=\"0\" data-end=\"242\">Laadukas ja k\u00e4yt\u00e4nn\u00f6llinen k\u00e4sipyyhe, joka on valmistettu kevyest\u00e4 ja nopeasti kuivuvasta mikrokuidusta. Sublimaatiopainatuksen ansiosta kuvio on v\u00e4rik\u00e4s ja yksityiskohtainen, joten se sopii erinomaisesti sek\u00e4 p\u00e4ivitt\u00e4iseen k\u00e4ytt\u00f6\u00f6n ett\u00e4 mainostuotteeksi. <\/p>\n<p data-start=\"244\" data-end=\"277\"><strong data-start=\"244\" data-end=\"277\">Tuotteen mitat: 50 cm x 100 cm.<\/strong><\/p>\n<p data-start=\"279\" data-end=\"633\">T\u00e4rkeimm\u00e4t ominaisuudet<br data-start=\"300\" data-end=\"303\">Materiaali: pehme\u00e4 ja kevyt mikrokuitu<br data-start=\"339\" data-end=\"342\">Sublimaatiopainatus: t\u00e4ysv\u00e4rinen, kest\u00e4v\u00e4 ja haalistumaton kuvio<br data-start=\"415\" data-end=\"418\">Nopea kuivuminen: sopii erinomaisesti p\u00e4ivitt\u00e4iseen k\u00e4ytt\u00f6\u00f6n, urheiluun ja matkustamiseen<br data-start=\"506\" data-end=\"509\">Kevyt ja kompakti: vie v\u00e4h\u00e4n tilaa ja on helppo ottaa mukaan<br data-start=\"572\" data-end=\"575\">Hyv\u00e4 imukyky: kuivaa k\u00e4det ja ihon tehokkaasti ja mukavasti<\/p>\n<p data-start=\"635\" data-end=\"786\">K\u00e4ytt\u00f6kohteet<br data-start=\"656\" data-end=\"659\">p\u00e4ivitt\u00e4isen\u00e4 k\u00e4sipyyhkeen\u00e4 kotona<br data-start=\"690\" data-end=\"693\">urheilu- ja treenipyyhkeen\u00e4<br data-start=\"720\" data-end=\"723\">matkalle ja retkelle<br data-start=\"741\" data-end=\"744\">lahjaksi tai yrityksen mainostuotteeksi<\/p>\n","protected":false},"excerpt":{"rendered":"<p>Kerge ja kiiresti kuivav mikrofiiber k\u00e4ter\u00e4tik sublimatsioontr\u00fckiga, mis tagab erksad ja vastupidavad v\u00e4rvid. Ideaalne igap\u00e4evaseks kasutamiseks, sportimiseks v\u00f5i reklaamtootena. <\/p>\n","protected":false},"featured_media":17569,"template":"","meta":[],"product_brand":[],"product_cat":[298,184],"product_tag":[],"class_list":{"0":"post-17642","1":"product","2":"type-product","3":"status-publish","4":"has-post-thumbnail","6":"product_cat-muu","7":"product_cat-sublimaatiotuotteet","9":"first","10":"instock","11":"sale","12":"shipping-taxable","13":"purchasable","14":"product-type-simple"},"_links":{"self":[{"href":"https:\/\/edubags.ee\/fi\/wp-json\/wp\/v2\/product\/17642","targetHints":{"allow":["GET"]}}],"collection":[{"href":"https:\/\/edubags.ee\/fi\/wp-json\/wp\/v2\/product"}],"about":[{"href":"https:\/\/edubags.ee\/fi\/wp-json\/wp\/v2\/types\/product"}],"version-history":[{"count":0,"href":"https:\/\/edubags.ee\/fi\/wp-json\/wp\/v2\/product\/17642\/revisions"}],"wp:featuredmedia":[{"embeddable":true,"href":"https:\/\/edubags.ee\/fi\/wp-json\/wp\/v2\/media\/17569"}],"wp:attachment":[{"href":"https:\/\/edubags.ee\/fi\/wp-json\/wp\/v2\/media?parent=17642"}],"wp:term":[{"taxonomy":"product_brand","embeddable":true,"href":"https:\/\/edubags.ee\/fi\/wp-json\/wp\/v2\/product_brand?post=17642"},{"taxonomy":"product_cat","embeddable":true,"href":"https:\/\/edubags.ee\/fi\/wp-json\/wp\/v2\/product_cat?post=17642"},{"taxonomy":"product_tag","embeddable":true,"href":"https:\/\/edubags.ee\/fi\/wp-json\/wp\/v2\/product_tag?post=17642"}],"curies":[{"name":"wp","href":"https:\/\/api.w.org\/{rel}","templated":true}]}}