{"id":17596,"date":"2026-04-29T22:45:05","date_gmt":"2026-04-29T22:45:05","guid":{"rendered":"https:\/\/edubags.ee\/?post_type=product&#038;p=17596"},"modified":"2026-04-29T22:45:05","modified_gmt":"2026-04-29T22:45:05","slug":"kantokassi-jossa-on-2-in-1-repputoiminto-tasku-2","status":"publish","type":"product","link":"https:\/\/edubags.ee\/fi\/toode\/kantokassi-jossa-on-2-in-1-repputoiminto-tasku-2\/","title":{"rendered":"Kantokassi, jossa on 2-in-1-repputoiminto + tasku"},"content":{"rendered":"<p data-start=\"42\" data-end=\"227\">Tyylik\u00e4s ja kest\u00e4v\u00e4 laukku, jossa yhdistyv\u00e4t kantokassin yksinkertaisuus ja reppun k\u00e4yt\u00e4nn\u00f6llisyys. 320 g\/m\u00b2:n paksuinen puuvillakanvas takaa hyv\u00e4n kest\u00e4vyyden ja mukavan k\u00e4yt\u00f6n arjessa. <\/p>\n<h3 data-section-id=\"134r8v8\" data-start=\"229\" data-end=\"250\">T\u00e4rkeimm\u00e4t ominaisuudet<\/h3>\n<ul data-start=\"251\" data-end=\"597\">\n<li data-section-id=\"hnd3cx\" data-start=\"251\" data-end=\"299\">Materiaali: 320 g\/m\u00b2:n vahva puuvilla (kangas)<\/li>\n<li data-section-id=\"p7cq2e\" data-start=\"300\" data-end=\"362\">2-in-1-malli: voidaan k\u00e4ytt\u00e4\u00e4 sek\u00e4 kantokassina ett\u00e4 reppuna<\/li>\n<li data-section-id=\"1vix9fi\" data-start=\"363\" data-end=\"440\">Tilavuus: sopii p\u00e4ivitt\u00e4isten tavaroiden sek\u00e4 ty\u00f6- tai koulutarvikkeiden kuljettamiseen<\/li>\n<li data-section-id=\"1l6s74z\" data-start=\"441\" data-end=\"547\"><strong data-start=\"443\" data-end=\"461\">2 kappaletta kappale kappale kapp kapp kapp kapp kapp kapp kapp kapp kapp kapp kapp kapp kapp kapp kapp kapp kapp<\/strong>\n<ul data-start=\"466\" data-end=\"547\">\n<li data-section-id=\"11pp02x\" data-start=\"466\" data-end=\"508\">lukollinen tasku turvallista s\u00e4ilytyst\u00e4 varten<\/li>\n<li data-section-id=\"88xxvm\" data-start=\"511\" data-end=\"547\">avoin tasku, josta tavarat ovat nopeasti saatavilla<\/li>\n<\/ul>\n<\/li>\n<li data-section-id=\"t4blbi\" data-start=\"548\" data-end=\"597\">Pitk\u00e4t olkahihnat: mukava kantaa olalla tai sel\u00e4ss\u00e4<\/li>\n<\/ul>\n<h3 data-section-id=\"16rwqds\" data-start=\"599\" data-end=\"613\">K\u00e4ytt\u00f6<\/h3>\n<p data-start=\"614\" data-end=\"656\">Laukun voi mukauttaa tarpeen mukaan:<\/p>\n<ul data-start=\"657\" data-end=\"784\">\n<li data-section-id=\"1ainxir\" data-start=\"657\" data-end=\"711\">K\u00e4yt\u00e4 t\u00e4t\u00e4 olkalaukkuna p\u00e4ivitt\u00e4isiss\u00e4 liikkeiss\u00e4si<\/li>\n<li data-section-id=\"1gzr3og\" data-start=\"712\" data-end=\"784\">muuta se hetkess\u00e4 reppuksi, kun tarvitset enemm\u00e4n liikkumavapautta<\/li>\n<\/ul>\n<h3 data-section-id=\"uphigh\" data-start=\"786\" data-end=\"797\">Edut<\/h3>\n<ul data-start=\"798\" data-end=\"977\">\n<li data-section-id=\"k6du8o\" data-start=\"798\" data-end=\"840\">vahva ja kest\u00e4v\u00e4 materiaali (320 g\/m\u00b2)<\/li>\n<li data-section-id=\"1c4u371\" data-start=\"841\" data-end=\"894\">k\u00e4yt\u00e4nn\u00f6lliset ulkotaskuja, jotka helpottavat j\u00e4rjestely\u00e4<\/li>\n<li data-section-id=\"bxkw7r\" data-start=\"895\" data-end=\"927\">monipuolinen ja ajaton muotoilu<\/li>\n<li data-section-id=\"yxv9zj\" data-start=\"928\" data-end=\"977\">sopii hyvin logopainatukseen ja mainoslahjaksi<\/li>\n<\/ul>\n","protected":false},"excerpt":{"rendered":"<p>Tumman sininen 2-in-1-laukku, joka on valmistettu vahvasta 320 g\/m\u00b2:n puuvillakankaasta ja jota voi kantaa sek\u00e4 olkalaukkuna ett\u00e4 reppuna. Laukussa on kaksi k\u00e4yt\u00e4nn\u00f6llist\u00e4 ulkotaskua, joista toisessa on vetoketju turvallista s\u00e4ilytyst\u00e4 varten. Ihanteellinen p\u00e4ivitt\u00e4iseen k\u00e4ytt\u00f6\u00f6n, t\u00f6ihin tai kouluun.  <\/p>\n","protected":false},"featured_media":17598,"template":"","meta":[],"product_brand":[],"product_cat":[126,180,183,181],"product_tag":[],"class_list":{"0":"post-17596","1":"product","2":"type-product","3":"status-publish","4":"has-post-thumbnail","6":"product_cat-kangaskassit","7":"product_cat-klassinen","8":"product_cat-mainoskassit","9":"product_cat-reppuja-2","10":"pa_varv-tummansininen","12":"first","13":"instock","14":"sale","15":"shipping-taxable","16":"purchasable","17":"product-type-simple"},"_links":{"self":[{"href":"https:\/\/edubags.ee\/fi\/wp-json\/wp\/v2\/product\/17596","targetHints":{"allow":["GET"]}}],"collection":[{"href":"https:\/\/edubags.ee\/fi\/wp-json\/wp\/v2\/product"}],"about":[{"href":"https:\/\/edubags.ee\/fi\/wp-json\/wp\/v2\/types\/product"}],"version-history":[{"count":1,"href":"https:\/\/edubags.ee\/fi\/wp-json\/wp\/v2\/product\/17596\/revisions"}],"predecessor-version":[{"id":17636,"href":"https:\/\/edubags.ee\/fi\/wp-json\/wp\/v2\/product\/17596\/revisions\/17636"}],"wp:featuredmedia":[{"embeddable":true,"href":"https:\/\/edubags.ee\/fi\/wp-json\/wp\/v2\/media\/17598"}],"wp:attachment":[{"href":"https:\/\/edubags.ee\/fi\/wp-json\/wp\/v2\/media?parent=17596"}],"wp:term":[{"taxonomy":"product_brand","embeddable":true,"href":"https:\/\/edubags.ee\/fi\/wp-json\/wp\/v2\/product_brand?post=17596"},{"taxonomy":"product_cat","embeddable":true,"href":"https:\/\/edubags.ee\/fi\/wp-json\/wp\/v2\/product_cat?post=17596"},{"taxonomy":"product_tag","embeddable":true,"href":"https:\/\/edubags.ee\/fi\/wp-json\/wp\/v2\/product_tag?post=17596"}],"curies":[{"name":"wp","href":"https:\/\/api.w.org\/{rel}","templated":true}]}}