{"id":17591,"date":"2026-04-29T22:44:04","date_gmt":"2026-04-29T22:44:04","guid":{"rendered":"https:\/\/edubags.ee\/?post_type=product&#038;p=17591"},"modified":"2026-04-29T22:44:04","modified_gmt":"2026-04-29T22:44:04","slug":"kantokassi-jossa-on-2-in-1-repputoiminto","status":"publish","type":"product","link":"https:\/\/edubags.ee\/fi\/toode\/kantokassi-jossa-on-2-in-1-repputoiminto\/","title":{"rendered":"Kantokassi, jossa on 2-in-1-repputoiminto"},"content":{"rendered":"<p data-start=\"58\" data-end=\"266\">Minimalistinen ja kest\u00e4v\u00e4 laukku, jossa yhdistyv\u00e4t klassisen kantokassin yksinkertaisuus ja reppun k\u00e4yt\u00e4nn\u00f6llisyys. Luonnollinen puuvillakangas ja tukevat olkahihnat takaavat pitk\u00e4n k\u00e4ytt\u00f6i\u00e4n ja monipuolisen ulkon\u00e4\u00f6n. <\/p>\n<h3 data-section-id=\"134r8v8\" data-start=\"268\" data-end=\"289\">T\u00e4rkeimm\u00e4t ominaisuudet<\/h3>\n<ul data-start=\"290\" data-end=\"601\">\n<li data-section-id=\"sz6r03\" data-start=\"290\" data-end=\"340\">Materiaali: 100 % luonnonpuuvillaa<\/li>\n<li data-section-id=\"ngq4ag\" data-start=\"341\" data-end=\"407\">2-in-1-toiminto: voidaan k\u00e4ytt\u00e4\u00e4 sek\u00e4 kantokassina ett\u00e4 reppuna<\/li>\n<li data-section-id=\"t4blbi\" data-start=\"408\" data-end=\"457\">Pitk\u00e4t olkahihnat: mukava kantaa olalla tai sel\u00e4ss\u00e4<\/li>\n<li data-section-id=\"1tgwcsf\" data-start=\"458\" data-end=\"532\">Kest\u00e4v\u00e4 rakenne: vahvistetut kahvat ja laadukas kangas<\/li>\n<li data-section-id=\"haq2n2\" data-start=\"533\" data-end=\"601\">Ymp\u00e4rist\u00f6yst\u00e4v\u00e4llinen: uudelleenk\u00e4ytett\u00e4v\u00e4 vaihtoehto muovikasseille<\/li>\n<\/ul>\n<h3 data-section-id=\"1sxz1xj\" data-start=\"603\" data-end=\"622\">\u00c4lyk\u00e4s k\u00e4ytt\u00f6<\/h3>\n<p data-start=\"623\" data-end=\"690\">Kodinsuunnittelu mahdollistaa sen nopean mukauttamisen tarpeiden mukaan:<\/p>\n<ul data-start=\"691\" data-end=\"803\">\n<li data-section-id=\"87t3p0\" data-start=\"691\" data-end=\"747\">kantaa k\u00e4dess\u00e4 tai olalla kuten perinteist\u00e4 kantokassia<\/li>\n<li data-section-id=\"1ono9rl\" data-start=\"748\" data-end=\"803\">muuta se hetkess\u00e4 reppuksi, jotta k\u00e4det j\u00e4\u00e4v\u00e4t vapaiksi<\/li>\n<\/ul>\n<p data-start=\"805\" data-end=\"897\">T\u00e4m\u00e4 tekee laukusta k\u00e4yt\u00e4nn\u00f6llisen valinnan niin p\u00e4ivitt\u00e4isiin liikkumistarpeisiin, t\u00f6ihin, kouluun kuin matkoillekin.<\/p>\n<p>Sopii erinomaisesti yksil\u00f6intiin (logo, teksti, kuviointi)<\/p>\n","protected":false},"excerpt":{"rendered":"<p>T\u00e4m\u00e4 musta 2-in-1-laukku on valmistettu vahvasta 245 g\/m\u00b2:n puuvillakankaasta, ja sit\u00e4 voi kantaa sek\u00e4 olkalaukkuna ett\u00e4 reppuna. Laukussa on kaksi k\u00e4yt\u00e4nn\u00f6llist\u00e4 ulkotaskua, joista toisessa on vetoketju turvallista s\u00e4ilytyst\u00e4 varten. Ihanteellinen p\u00e4ivitt\u00e4iseen k\u00e4ytt\u00f6\u00f6n, t\u00f6ihin tai kouluun.  <\/p>\n","protected":false},"featured_media":17595,"template":"","meta":[],"product_brand":[],"product_cat":[126,180,181],"product_tag":[],"class_list":{"0":"post-17591","1":"product","2":"type-product","3":"status-publish","4":"has-post-thumbnail","6":"product_cat-kangaskassit","7":"product_cat-klassinen","8":"product_cat-reppuja-2","9":"pa_varv-luonnollinen","11":"first","12":"instock","13":"shipping-taxable","14":"purchasable","15":"product-type-variable"},"_links":{"self":[{"href":"https:\/\/edubags.ee\/fi\/wp-json\/wp\/v2\/product\/17591","targetHints":{"allow":["GET"]}}],"collection":[{"href":"https:\/\/edubags.ee\/fi\/wp-json\/wp\/v2\/product"}],"about":[{"href":"https:\/\/edubags.ee\/fi\/wp-json\/wp\/v2\/types\/product"}],"version-history":[{"count":1,"href":"https:\/\/edubags.ee\/fi\/wp-json\/wp\/v2\/product\/17591\/revisions"}],"predecessor-version":[{"id":17633,"href":"https:\/\/edubags.ee\/fi\/wp-json\/wp\/v2\/product\/17591\/revisions\/17633"}],"wp:featuredmedia":[{"embeddable":true,"href":"https:\/\/edubags.ee\/fi\/wp-json\/wp\/v2\/media\/17595"}],"wp:attachment":[{"href":"https:\/\/edubags.ee\/fi\/wp-json\/wp\/v2\/media?parent=17591"}],"wp:term":[{"taxonomy":"product_brand","embeddable":true,"href":"https:\/\/edubags.ee\/fi\/wp-json\/wp\/v2\/product_brand?post=17591"},{"taxonomy":"product_cat","embeddable":true,"href":"https:\/\/edubags.ee\/fi\/wp-json\/wp\/v2\/product_cat?post=17591"},{"taxonomy":"product_tag","embeddable":true,"href":"https:\/\/edubags.ee\/fi\/wp-json\/wp\/v2\/product_tag?post=17591"}],"curies":[{"name":"wp","href":"https:\/\/api.w.org\/{rel}","templated":true}]}}