{"id":17578,"date":"2026-04-29T22:40:19","date_gmt":"2026-04-29T22:40:19","guid":{"rendered":"https:\/\/edubags.ee\/?post_type=product&#038;p=17578"},"modified":"2026-04-29T22:40:19","modified_gmt":"2026-04-29T22:40:19","slug":"monikayttoinen-kantokassi-piknikmatto-2-in-1-yhdella-taskulla","status":"publish","type":"product","link":"https:\/\/edubags.ee\/fi\/toode\/monikayttoinen-kantokassi-piknikmatto-2-in-1-yhdella-taskulla\/","title":{"rendered":"Monik\u00e4ytt\u00f6inen kantokassi \/ piknikmatto 2-in-1 \/ Yhdell\u00e4 taskulla"},"content":{"rendered":"<p data-start=\"42\" data-end=\"263\">Yksinkertainen, k\u00e4yt\u00e4nn\u00f6llinen ja kest\u00e4v\u00e4 musta kantokassi p\u00e4ivitt\u00e4iseen k\u00e4ytt\u00f6\u00f6n. Klassinen muotoilu sopii niin t\u00f6ihin, kouluun kuin vapaa-ajan harrastuksiinkin, ja tarjoaa samalla mukavan ja j\u00e4rjestyksellisen ratkaisun tavaroiden kuljettamiseen. <\/p>\n<h3 data-section-id=\"134r8v8\" data-start=\"265\" data-end=\"286\">T\u00e4rkeimm\u00e4t ominaisuudet<\/h3>\n<ul data-start=\"287\" data-end=\"587\">\n<li data-section-id=\"lmnhn8\" data-start=\"287\" data-end=\"347\">Kest\u00e4v\u00e4 materiaali: sopii p\u00e4ivitt\u00e4iseen k\u00e4ytt\u00f6\u00f6n<\/li>\n<li data-section-id=\"1muak8d\" data-start=\"348\" data-end=\"412\">Tilava sisustus: riitt\u00e4v\u00e4sti tilaa kaikille tarvittaville tavaroille<\/li>\n<li data-section-id=\"1m9zj1c\" data-start=\"413\" data-end=\"496\">Ulkotasku lukolla: turvallinen paikka puhelimen, lompakon tai avainten s\u00e4ilytt\u00e4miseen<\/li>\n<li data-section-id=\"1shasfp\" data-start=\"497\" data-end=\"544\">Pitk\u00e4t olkahihnat: mukava kantaa olalla tai k\u00e4dess\u00e4<\/li>\n<li data-section-id=\"1cl4wug\" data-start=\"545\" data-end=\"587\">Ajaton muotoilu: sopii joka tilanteeseen<\/li>\n<\/ul>\n<h3 data-section-id=\"1gcabau\" data-start=\"589\" data-end=\"607\">K\u00e4ytt\u00f6mukavuus<\/h3>\n<p data-start=\"608\" data-end=\"751\">Laukku on suunniteltu p\u00e4ivitt\u00e4iseen liikkumiseen \u2013 pid\u00e4 tarvitsemasi tavarat k\u00e4den ulottuvilla vetoketjullisen taskun ansiosta ja kanna laukkua mukavasti olkap\u00e4\u00e4ll\u00e4 koko p\u00e4iv\u00e4n ajan.<\/p>\n<h3 data-section-id=\"2l0blx\" data-start=\"753\" data-end=\"778\">Miksi valita juuri t\u00e4m\u00e4 laukku?<\/h3>\n<ul data-start=\"779\" data-end=\"914\">\n<li data-section-id=\"8tmbty\" data-start=\"779\" data-end=\"811\">k\u00e4yt\u00e4nn\u00f6llinen ja toimiva<\/li>\n<li data-section-id=\"4g2fdn\" data-start=\"812\" data-end=\"838\">turvallinen lukittava tasku<\/li>\n<li data-section-id=\"5gfo2u\" data-start=\"839\" data-end=\"865\">yleisk\u00e4ytt\u00f6inen musta v\u00e4ri<\/li>\n<li data-section-id=\"o1nyt1\" data-start=\"866\" data-end=\"914\">sopii hyvin my\u00f6s logopainatukseen ja mainostuotteeksi<\/li>\n<\/ul>\n","protected":false},"excerpt":{"rendered":"<section class=\"text-token-text-primary w-full focus:outline-none [--shadow-height:45px] has-data-writing-block:pointer-events-none has-data-writing-block:-mt-(--shadow-height) has-data-writing-block:pt-(--shadow-height) [&amp;:has([data-writing-block])&gt;*]:pointer-events-auto R6Vx5W_threadScrollVars scroll-mb-[calc(var(--scroll-root-safe-area-inset-bottom,0px)+var(--thread-response-height))] scroll-mt-(--header-height)\" dir=\"auto\" data-turn-id=\"a2d45423-7536-43a3-8a07-4ce5ceff0349\" data-testid=\"conversation-turn-23\" data-scroll-anchor=\"false\" data-turn=\"user\"><\/section>\n<section class=\"text-token-text-primary w-full focus:outline-none [--shadow-height:45px] has-data-writing-block:pointer-events-none has-data-writing-block:-mt-(--shadow-height) has-data-writing-block:pt-(--shadow-height) [&amp;:has([data-writing-block])&gt;*]:pointer-events-auto [content-visibility:auto] supports-[content-visibility:auto]:[contain-intrinsic-size:auto_100lvh] R6Vx5W_threadScrollVars scroll-mb-[calc(var(--scroll-root-safe-area-inset-bottom,0px)+var(--thread-response-height))] scroll-mt-[calc(var(--header-height)+min(200px,max(70px,20svh)))]\" dir=\"auto\" data-turn-id=\"request-WEB:7b9d5503-6dc8-4328-9a27-f61b9c6eae88-11\" data-testid=\"conversation-turn-24\" data-scroll-anchor=\"false\" data-turn=\"assistant\">\n<div class=\"text-base my-auto mx-auto pb-10 [--thread-content-margin:var(--thread-content-margin-xs,calc(var(--spacing)*4))] @w-sm\/main:[--thread-content-margin:var(--thread-content-margin-sm,calc(var(--spacing)*6))] @w-lg\/main:[--thread-content-margin:var(--thread-content-margin-lg,calc(var(--spacing)*16))] px-(--thread-content-margin)\">\n<div class=\"[--thread-content-max-width:40rem] @w-lg\/main:[--thread-content-max-width:48rem] mx-auto max-w-(--thread-content-max-width) flex-1 group\/turn-messages focus-visible:outline-hidden relative flex w-full min-w-0 flex-col agent-turn\">\n<div class=\"flex max-w-full flex-col gap-4 grow\">\n<div class=\"min-h-8 text-message relative flex w-full flex-col items-end gap-2 text-start break-words whitespace-normal outline-none keyboard-focused:focus-ring [.text-message+&amp;]:mt-1\" dir=\"auto\" tabindex=\"0\" data-message-author-role=\"assistant\" data-message-id=\"465b74da-c6b8-4a2b-b0a5-bac4a833da3a\" data-message-model-slug=\"gpt-5-3\" data-turn-start-message=\"true\">\n<div class=\"flex w-full flex-col gap-1 empty:hidden\">\n<div class=\"markdown prose dark:prose-invert w-full wrap-break-word light markdown-new-styling\">\n<p data-start=\"0\" data-end=\"184\">K\u00e4yt\u00e4nn\u00f6llinen ja kest\u00e4v\u00e4 musta kantokassi, jossa on vetoketjullinen ulkotasku turvallista s\u00e4ilytyst\u00e4 varten. Tilava ja k\u00e4tev\u00e4 p\u00e4ivitt\u00e4iseen k\u00e4ytt\u00f6\u00f6n niin t\u00f6iss\u00e4, koulussa kuin vapaa-ajan harrastuksissakin. <\/p>\n<\/div>\n<\/div>\n<\/div>\n<\/div>\n<\/div>\n<\/div>\n<\/section>\n","protected":false},"featured_media":17581,"template":"","meta":[],"product_brand":[],"product_cat":[126,319],"product_tag":[],"class_list":{"0":"post-17578","1":"product","2":"type-product","3":"status-publish","4":"has-post-thumbnail","6":"product_cat-kangaskassit","7":"product_cat-muu-2","8":"pa_varv-pakollinen","10":"first","11":"instock","12":"sale","13":"shipping-taxable","14":"purchasable","15":"product-type-simple"},"_links":{"self":[{"href":"https:\/\/edubags.ee\/fi\/wp-json\/wp\/v2\/product\/17578","targetHints":{"allow":["GET"]}}],"collection":[{"href":"https:\/\/edubags.ee\/fi\/wp-json\/wp\/v2\/product"}],"about":[{"href":"https:\/\/edubags.ee\/fi\/wp-json\/wp\/v2\/types\/product"}],"version-history":[{"count":1,"href":"https:\/\/edubags.ee\/fi\/wp-json\/wp\/v2\/product\/17578\/revisions"}],"predecessor-version":[{"id":17627,"href":"https:\/\/edubags.ee\/fi\/wp-json\/wp\/v2\/product\/17578\/revisions\/17627"}],"wp:featuredmedia":[{"embeddable":true,"href":"https:\/\/edubags.ee\/fi\/wp-json\/wp\/v2\/media\/17581"}],"wp:attachment":[{"href":"https:\/\/edubags.ee\/fi\/wp-json\/wp\/v2\/media?parent=17578"}],"wp:term":[{"taxonomy":"product_brand","embeddable":true,"href":"https:\/\/edubags.ee\/fi\/wp-json\/wp\/v2\/product_brand?post=17578"},{"taxonomy":"product_cat","embeddable":true,"href":"https:\/\/edubags.ee\/fi\/wp-json\/wp\/v2\/product_cat?post=17578"},{"taxonomy":"product_tag","embeddable":true,"href":"https:\/\/edubags.ee\/fi\/wp-json\/wp\/v2\/product_tag?post=17578"}],"curies":[{"name":"wp","href":"https:\/\/api.w.org\/{rel}","templated":true}]}}