{"id":17570,"date":"2026-04-29T22:39:45","date_gmt":"2026-04-29T22:39:45","guid":{"rendered":"https:\/\/edubags.ee\/?post_type=product&#038;p=17570"},"modified":"2026-04-30T08:42:27","modified_gmt":"2026-04-30T08:42:27","slug":"monikayttoinen-kantokassi-piknikmatto-2-in-1","status":"publish","type":"product","link":"https:\/\/edubags.ee\/fi\/toode\/monikayttoinen-kantokassi-piknikmatto-2-in-1\/","title":{"rendered":"Monik\u00e4ytt\u00f6inen kantokassi \/ piknikmatto 2-in-1"},"content":{"rendered":"<p data-start=\"44\" data-end=\"245\">Minimalistlik ja vastupidav kandekott, mis on loodud igap\u00e4evaseks kasutamiseks. Paks 320 gsm puuvillane kangas tagab suurema tugevuse ja pika kasutusea, hoides samal ajal koti lihtsa ja ajatu v\u00e4limuse. <\/p>\n<h3 data-section-id=\"134r8v8\" data-start=\"247\" data-end=\"268\">T\u00e4rkeimm\u00e4t ominaisuudet<\/h3>\n<ul data-start=\"269\" data-end=\"562\">\n<li data-section-id=\"hnd3cx\" data-start=\"269\" data-end=\"317\">Materiaali: 320 g\/m\u00b2:n vahva puuvilla (kangas)<\/li>\n<li data-section-id=\"ofya57\" data-start=\"318\" data-end=\"373\">Muotoilu: selke\u00e4 ja minimalistinen \u2013 ilman taskuja<\/li>\n<li data-section-id=\"dmdg7\" data-start=\"374\" data-end=\"433\">Kest\u00e4vyys: sopii my\u00f6s raskaampien esineiden kantamiseen<\/li>\n<li data-section-id=\"vxgxa8\" data-start=\"434\" data-end=\"514\">Tilava sisustus: ihanteellinen p\u00e4ivitt\u00e4isille tavaroille, ostoksille tai ty\u00f6v\u00e4lineille<\/li>\n<li data-section-id=\"1shasfp\" data-start=\"515\" data-end=\"562\">Pitk\u00e4t olkahihnat: mukava kantaa olalla tai k\u00e4dess\u00e4<\/li>\n<\/ul>\n<h3 data-section-id=\"1gcabau\" data-start=\"564\" data-end=\"582\">K\u00e4ytt\u00f6mukavuus<\/h3>\n<p data-start=\"583\" data-end=\"721\">Lihtne ja funktsionaalne disain teeb koti universaalseks \u2013 sobib nii igap\u00e4evaseks kasutamiseks, ostlemiseks kui ka t\u00f6\u00f6le v\u00f5i kooli minnes.<\/p>\n<h3 data-section-id=\"2l0blx\" data-start=\"723\" data-end=\"748\">Miksi valita juuri t\u00e4m\u00e4 laukku?<\/h3>\n<ul data-start=\"749\" data-end=\"891\">\n<li data-section-id=\"16c4wh0\" data-start=\"749\" data-end=\"790\">vankka ja laadukas 320 g\/m\u00b2:n materiaali<\/li>\n<li data-section-id=\"rayvv7\" data-start=\"791\" data-end=\"824\">ajaton ja yleisp\u00e4tev\u00e4 ulkon\u00e4k\u00f6<\/li>\n<li data-section-id=\"1i0l5ja\" data-start=\"825\" data-end=\"848\">kevyt ja k\u00e4yt\u00e4nn\u00f6llinen<\/li>\n<li data-section-id=\"rytjwn\" data-start=\"849\" data-end=\"891\">ihanteellinen logopainatukseen ja mainostuotteeksi<\/li>\n<\/ul>\n","protected":false},"excerpt":{"rendered":"<p>Minimalistinen ja kest\u00e4v\u00e4 kantokassi, valmistettu paksusta 320 g\/m\u00b2 puuvillakankaasta. Taskuista vapaa muotoilu tekee kassista yksinkertaisen, kevyen ja monipuolisen jokap\u00e4iv\u00e4iseen k\u00e4ytt\u00f6\u00f6n. <\/p>\n","protected":false},"featured_media":17572,"template":"","meta":[],"product_brand":[],"product_cat":[126,319],"product_tag":[],"class_list":{"0":"post-17570","1":"product","2":"type-product","3":"status-publish","4":"has-post-thumbnail","6":"product_cat-kangaskassit","7":"product_cat-muu-2","8":"pa_varv-tummansininen","10":"first","11":"instock","12":"sale","13":"shipping-taxable","14":"purchasable","15":"product-type-simple"},"_links":{"self":[{"href":"https:\/\/edubags.ee\/fi\/wp-json\/wp\/v2\/product\/17570","targetHints":{"allow":["GET"]}}],"collection":[{"href":"https:\/\/edubags.ee\/fi\/wp-json\/wp\/v2\/product"}],"about":[{"href":"https:\/\/edubags.ee\/fi\/wp-json\/wp\/v2\/types\/product"}],"version-history":[{"count":2,"href":"https:\/\/edubags.ee\/fi\/wp-json\/wp\/v2\/product\/17570\/revisions"}],"predecessor-version":[{"id":17643,"href":"https:\/\/edubags.ee\/fi\/wp-json\/wp\/v2\/product\/17570\/revisions\/17643"}],"wp:featuredmedia":[{"embeddable":true,"href":"https:\/\/edubags.ee\/fi\/wp-json\/wp\/v2\/media\/17572"}],"wp:attachment":[{"href":"https:\/\/edubags.ee\/fi\/wp-json\/wp\/v2\/media?parent=17570"}],"wp:term":[{"taxonomy":"product_brand","embeddable":true,"href":"https:\/\/edubags.ee\/fi\/wp-json\/wp\/v2\/product_brand?post=17570"},{"taxonomy":"product_cat","embeddable":true,"href":"https:\/\/edubags.ee\/fi\/wp-json\/wp\/v2\/product_cat?post=17570"},{"taxonomy":"product_tag","embeddable":true,"href":"https:\/\/edubags.ee\/fi\/wp-json\/wp\/v2\/product_tag?post=17570"}],"curies":[{"name":"wp","href":"https:\/\/api.w.org\/{rel}","templated":true}]}}