{"id":17383,"date":"2025-12-30T18:09:29","date_gmt":"2025-12-30T18:09:29","guid":{"rendered":"https:\/\/edubags.ee\/toode\/pieni-kangaskassi\/"},"modified":"2025-12-30T18:09:29","modified_gmt":"2025-12-30T18:09:29","slug":"pieni-kangaskassi","status":"publish","type":"product","link":"https:\/\/edubags.ee\/fi\/toode\/pieni-kangaskassi\/","title":{"rendered":"Pieni kangaskassi"},"content":{"rendered":"<p>Pellavainen kiristysnauhakassi on k\u00e4yt\u00e4nn\u00f6llinen ja luonnollinen pakkausratkaisu pienten esineiden s\u00e4ilytt\u00e4miseen tai lahjojen esillepanoon. Kassi on valmistettu luonnollisesta pellavakankaasta ja se suljetaan kiristysnauhalla, jolloin sis\u00e4lt\u00f6 pysyy mukavasti ja turvallisesti paikallaan. <\/p>\n<p>Minimalistinen muotoilu sopii sek\u00e4 jokap\u00e4iv\u00e4iseen k\u00e4ytt\u00f6\u00f6n ett\u00e4 tuotteiden tai lahjojen pakkaamiseen.<\/p>\n<p>Erikoishinta koskee yli 100 tuotteen tilauksia!<\/p>\n","protected":false},"excerpt":{"rendered":"<p>Pienien esineiden s\u00e4ilytykseen ja lahjojen pakkaamiseen tarkoitettu pellavainen kiristysnauhakassi. Luonnollinen, uudelleenk\u00e4ytett\u00e4v\u00e4 ja yksinkertainen muotoilu. <\/p>\n","protected":false},"featured_media":17381,"template":"","meta":[],"product_brand":[],"product_cat":[126,319],"product_tag":[],"class_list":{"0":"post-17383","1":"product","2":"type-product","3":"status-publish","4":"has-post-thumbnail","6":"product_cat-kangaskassit","7":"product_cat-muu-2","9":"first","10":"instock","11":"shipping-taxable","12":"purchasable","13":"product-type-simple"},"_links":{"self":[{"href":"https:\/\/edubags.ee\/fi\/wp-json\/wp\/v2\/product\/17383","targetHints":{"allow":["GET"]}}],"collection":[{"href":"https:\/\/edubags.ee\/fi\/wp-json\/wp\/v2\/product"}],"about":[{"href":"https:\/\/edubags.ee\/fi\/wp-json\/wp\/v2\/types\/product"}],"version-history":[{"count":0,"href":"https:\/\/edubags.ee\/fi\/wp-json\/wp\/v2\/product\/17383\/revisions"}],"wp:featuredmedia":[{"embeddable":true,"href":"https:\/\/edubags.ee\/fi\/wp-json\/wp\/v2\/media\/17381"}],"wp:attachment":[{"href":"https:\/\/edubags.ee\/fi\/wp-json\/wp\/v2\/media?parent=17383"}],"wp:term":[{"taxonomy":"product_brand","embeddable":true,"href":"https:\/\/edubags.ee\/fi\/wp-json\/wp\/v2\/product_brand?post=17383"},{"taxonomy":"product_cat","embeddable":true,"href":"https:\/\/edubags.ee\/fi\/wp-json\/wp\/v2\/product_cat?post=17383"},{"taxonomy":"product_tag","embeddable":true,"href":"https:\/\/edubags.ee\/fi\/wp-json\/wp\/v2\/product_tag?post=17383"}],"curies":[{"name":"wp","href":"https:\/\/api.w.org\/{rel}","templated":true}]}}