{"id":17369,"date":"2025-12-22T20:26:32","date_gmt":"2025-12-22T20:26:32","guid":{"rendered":"https:\/\/edubags.ee\/toode\/premium-kassi-suunnittele-oma-kassi\/"},"modified":"2026-01-01T17:26:26","modified_gmt":"2026-01-01T17:26:26","slug":"premium-kassi-suunnittele-oma-kassi","status":"publish","type":"product","link":"https:\/\/edubags.ee\/fi\/toode\/premium-kassi-suunnittele-oma-kassi\/","title":{"rendered":"Premium-kassi &#8211; Suunnittele oma kassi"},"content":{"rendered":"<p data-start=\"184\" data-end=\"410\">Luo kassi, joka sopii t\u00e4ydellisesti tarpeisiisi ja tyyliisi. Mukautettavan kassiratkaisumme avulla voit koota ihanteellisen kassin \u2013 koosta ja materiaalista visuaaliseen muotoiluun ja kahvan pituuteen. <\/p>\n<p data-start=\"412\" data-end=\"690\">Valitse oikea kassin koko, p\u00e4\u00e4t\u00e4 materiaalista ja sen paksuudesta, lis\u00e4\u00e4 oma design tai logo ja m\u00e4\u00e4rit\u00e4 kahvojen tyyppi ja pituus. Tuloksena on k\u00e4yt\u00e4nn\u00f6llinen, kest\u00e4v\u00e4 ja uudelleenk\u00e4ytett\u00e4v\u00e4 kassi, joka sopii sek\u00e4 jokap\u00e4iv\u00e4iseen k\u00e4ytt\u00f6\u00f6n ett\u00e4 vahvana br\u00e4ndin kantajana. <\/p>\n<p data-start=\"692\" data-end=\"854\">Se on ihanteellinen ratkaisu yrityksille, tapahtumille, kampanjoille ja kaikille, jotka haluavat jotain enemm\u00e4n kuin tavallisen tuotteen \u2013 laukun, joka on aidosti oma.<\/p>\n","protected":false},"excerpt":{"rendered":"<ul>\n<li data-start=\"219\" data-end=\"314\">\n<p data-start=\"221\" data-end=\"314\">Valitse oikea koko<br data-start=\"242\" data-end=\"245\">Mieti, mit\u00e4 aiot kantaa laukussasi \u2013 autamme sinua valitsemaan k\u00e4yt\u00e4nn\u00f6llisen koon.<\/p>\n<\/li>\n<li data-start=\"316\" data-end=\"410\">\n<p data-start=\"318\" data-end=\"410\">P\u00e4\u00e4t\u00e4 materiaalista<br data-start=\"338\" data-end=\"341\">Valitse kest\u00e4v\u00e4 ja ymp\u00e4rist\u00f6yst\u00e4v\u00e4llinen kangas k\u00e4ytt\u00f6tarkoituksen mukaan.<\/p>\n<\/li>\n<li data-start=\"412\" data-end=\"507\">\n<p data-start=\"414\" data-end=\"507\">M\u00e4\u00e4rit\u00e4 laukun muoto<br data-start=\"433\" data-end=\"436\">Sivut ja pohja lis\u00e4\u00e4v\u00e4t tilavuutta ja pit\u00e4v\u00e4t laukun paremmin muodossaan.<\/p>\n<\/li>\n<li data-start=\"509\" data-end=\"578\">\n<p data-start=\"511\" data-end=\"578\">Valitse kahvat<br data-start=\"526\" data-end=\"529\">Lyhyemm\u00e4t kahvat k\u00e4siin, pidemm\u00e4t kahvat mukavaan kantamiseen olkap\u00e4\u00e4ll\u00e4.<\/p>\n<\/li>\n<li data-start=\"580\" data-end=\"679\">\n<p data-start=\"582\" data-end=\"679\">Lis\u00e4\u00e4 oma suunnittelusi<br data-start=\"603\" data-end=\"606\">Lataa logosi tai suunnittelusi \u2013 autamme sinua tarvittaessa sen muokkaamisessa.<\/p>\n<\/li>\n<li data-start=\"681\" data-end=\"771\">\n<p data-start=\"683\" data-end=\"771\">Valitse tulostusratkaisu<br data-start=\"705\" data-end=\"708\">Suosittelemme parasta tekniikkaa suunnittelun ja m\u00e4\u00e4r\u00e4n perusteella.<\/p>\n<\/li>\n<li data-start=\"773\" data-end=\"863\">\n<p data-start=\"775\" data-end=\"863\">M\u00e4\u00e4rit\u00e4 m\u00e4\u00e4r\u00e4<br data-start=\"790\" data-end=\"793\">Joustava tilaus \u2013 sopii sek\u00e4 pienempiin ett\u00e4 suurempiin tarpeisiin.<\/p>\n<\/li>\n<li data-start=\"865\" data-end=\"978\">\n<p data-start=\"867\" data-end=\"978\">Lis\u00e4\u00e4 erikoisominaisuuksia (haluttaessa)<br data-start=\"904\" data-end=\"907\">Yksityiskohdat, jotka tekev\u00e4t laukusta entist\u00e4 k\u00e4yt\u00e4nn\u00f6llisemm\u00e4n tai erottuvamman.<\/p>\n<\/li>\n<li data-start=\"980\" data-end=\"1065\">\n<p data-start=\"982\" data-end=\"1065\">Vahvista valintasi<br data-start=\"1001\" data-end=\"1004\">Tarkistamme ideasi ja muutamme sen korkealaatuiseksi tuotteeksi.<\/p>\n<\/li>\n<\/ul>\n","protected":false},"featured_media":17460,"template":"","meta":[],"product_brand":[],"product_cat":[126,182],"product_tag":[],"class_list":{"0":"post-17369","1":"product","2":"type-product","3":"status-publish","4":"has-post-thumbnail","6":"product_cat-kangaskassit","7":"product_cat-premium-laukut","9":"first","10":"instock","11":"shipping-taxable","12":"purchasable","13":"product-type-simple"},"_links":{"self":[{"href":"https:\/\/edubags.ee\/fi\/wp-json\/wp\/v2\/product\/17369","targetHints":{"allow":["GET"]}}],"collection":[{"href":"https:\/\/edubags.ee\/fi\/wp-json\/wp\/v2\/product"}],"about":[{"href":"https:\/\/edubags.ee\/fi\/wp-json\/wp\/v2\/types\/product"}],"version-history":[{"count":1,"href":"https:\/\/edubags.ee\/fi\/wp-json\/wp\/v2\/product\/17369\/revisions"}],"predecessor-version":[{"id":17458,"href":"https:\/\/edubags.ee\/fi\/wp-json\/wp\/v2\/product\/17369\/revisions\/17458"}],"wp:featuredmedia":[{"embeddable":true,"href":"https:\/\/edubags.ee\/fi\/wp-json\/wp\/v2\/media\/17460"}],"wp:attachment":[{"href":"https:\/\/edubags.ee\/fi\/wp-json\/wp\/v2\/media?parent=17369"}],"wp:term":[{"taxonomy":"product_brand","embeddable":true,"href":"https:\/\/edubags.ee\/fi\/wp-json\/wp\/v2\/product_brand?post=17369"},{"taxonomy":"product_cat","embeddable":true,"href":"https:\/\/edubags.ee\/fi\/wp-json\/wp\/v2\/product_cat?post=17369"},{"taxonomy":"product_tag","embeddable":true,"href":"https:\/\/edubags.ee\/fi\/wp-json\/wp\/v2\/product_tag?post=17369"}],"curies":[{"name":"wp","href":"https:\/\/api.w.org\/{rel}","templated":true}]}}