{"id":17341,"date":"2025-12-21T19:31:03","date_gmt":"2025-12-21T19:31:03","guid":{"rendered":"https:\/\/edubags.ee\/toode\/henkilokohtainen-olkalaukku\/"},"modified":"2025-12-21T19:31:03","modified_gmt":"2025-12-21T19:31:03","slug":"henkilokohtainen-olkalaukku","status":"publish","type":"product","link":"https:\/\/edubags.ee\/fi\/toode\/henkilokohtainen-olkalaukku\/","title":{"rendered":"Henkil\u00f6kohtainen olkalaukku"},"content":{"rendered":"<p data-start=\"197\" data-end=\"480\">Asiakkaan suunnittelema k\u00e4yt\u00e4nn\u00f6llinen ja kest\u00e4v\u00e4 olkalaukku. Sen avulla voit luoda t\u00e4ysin ainutlaatuisen tuotteen \u2013 olipa kyseess\u00e4 sitten henkil\u00f6kohtainen tyyli, lahja tai laukku, joka edustaa yrityksesi visuaalista identiteetti\u00e4. T\u00e4ydellinen jokap\u00e4iv\u00e4iseen k\u00e4ytt\u00f6\u00f6n tai br\u00e4nd\u00e4ttyyn ratkaisuun.  <\/p>\n<p data-start=\"482\" data-end=\"629\">Laukku on valmistettu vahvasta polyesterist\u00e4, ja sen kompakti ja toimiva muotoilu takaa mukavan k\u00e4yt\u00f6n t\u00f6iss\u00e4, koulussa, vapaa-ajalla ja tapahtumissa.<\/p>\n<p>Kun tilaat v\u00e4hint\u00e4\u00e4n 10 tuotetta, saat edullisemman yksikk\u00f6hinnan.<\/p>\n","protected":false},"excerpt":{"rendered":"<p data-start=\"197\" data-end=\"480\">K\u00e4yt\u00e4nn\u00f6llinen olkalaukku, jonka ulkon\u00e4k\u00f6\u00e4 asiakas voi itse muokata. Sopii p\u00e4ivitt\u00e4iseen k\u00e4ytt\u00f6\u00f6n, lahjaksi tai yritysten br\u00e4ndituotteeksi. <\/p>\n","protected":false},"featured_media":17264,"template":"","meta":[],"product_brand":[],"product_cat":[311,184],"product_tag":[],"class_list":{"0":"post-17341","1":"product","2":"type-product","3":"status-publish","4":"has-post-thumbnail","6":"product_cat-kotid","7":"product_cat-sublimaatiotuotteet","9":"first","10":"instock","11":"shipping-taxable","12":"purchasable","13":"product-type-simple"},"_links":{"self":[{"href":"https:\/\/edubags.ee\/fi\/wp-json\/wp\/v2\/product\/17341","targetHints":{"allow":["GET"]}}],"collection":[{"href":"https:\/\/edubags.ee\/fi\/wp-json\/wp\/v2\/product"}],"about":[{"href":"https:\/\/edubags.ee\/fi\/wp-json\/wp\/v2\/types\/product"}],"version-history":[{"count":0,"href":"https:\/\/edubags.ee\/fi\/wp-json\/wp\/v2\/product\/17341\/revisions"}],"wp:featuredmedia":[{"embeddable":true,"href":"https:\/\/edubags.ee\/fi\/wp-json\/wp\/v2\/media\/17264"}],"wp:attachment":[{"href":"https:\/\/edubags.ee\/fi\/wp-json\/wp\/v2\/media?parent=17341"}],"wp:term":[{"taxonomy":"product_brand","embeddable":true,"href":"https:\/\/edubags.ee\/fi\/wp-json\/wp\/v2\/product_brand?post=17341"},{"taxonomy":"product_cat","embeddable":true,"href":"https:\/\/edubags.ee\/fi\/wp-json\/wp\/v2\/product_cat?post=17341"},{"taxonomy":"product_tag","embeddable":true,"href":"https:\/\/edubags.ee\/fi\/wp-json\/wp\/v2\/product_tag?post=17341"}],"curies":[{"name":"wp","href":"https:\/\/api.w.org\/{rel}","templated":true}]}}