{"id":17258,"date":"2025-12-18T18:02:05","date_gmt":"2025-12-18T18:02:05","guid":{"rendered":"https:\/\/edubags.ee\/toode\/henkilokohtainen-tietokonelaukku\/"},"modified":"2025-12-18T18:02:05","modified_gmt":"2025-12-18T18:02:05","slug":"henkilokohtainen-tietokonelaukku","status":"publish","type":"product","link":"https:\/\/edubags.ee\/fi\/toode\/henkilokohtainen-tietokonelaukku\/","title":{"rendered":"Henkil\u00f6kohtainen tietokonelaukku"},"content":{"rendered":"<p>Laadukas sublimaatiotekniikalla valmistettu kannettavan tietokoneen laukku, joka on suunniteltu tyhj\u00e4ksi kankaaksi ideoidesi toteuttamista varten. Laukun etuosassa oleva valkoinen sublimaatiopinta mahdollistaa t\u00e4ysv\u00e4risen kuvion, logon tai kuvan painamisen, mik\u00e4 takaa selke\u00e4n ja kest\u00e4v\u00e4n lopputuloksen jopa p\u00e4ivitt\u00e4isess\u00e4 k\u00e4yt\u00f6ss\u00e4. <\/p>\n<p>Mukautettavan etuosan ansiosta se sopii erinomaisesti yrityslahjaksi, mainostuotteeksi tai henkil\u00f6kohtaiseksi asusteeksi.<\/p>\n","protected":false},"excerpt":{"rendered":"<p>Tilaa tietokonelaukku omalla designillasi \u2013 tuloksena on toimiva ja visuaalisesti erottuva tuote, joka edustaa br\u00e4ndi\u00e4si tai henkil\u00f6kohtaista tyyli\u00e4si.<\/p>\n<p>Erikoishinta koskee 10 tai useamman tuotteen tilauksia!<\/p>\n","protected":false},"featured_media":17260,"template":"","meta":[],"product_brand":[],"product_cat":[311,184],"product_tag":[],"class_list":{"0":"post-17258","1":"product","2":"type-product","3":"status-publish","4":"has-post-thumbnail","6":"product_cat-kotid","7":"product_cat-sublimaatiotuotteet","9":"first","10":"instock","11":"shipping-taxable","12":"purchasable","13":"product-type-simple"},"_links":{"self":[{"href":"https:\/\/edubags.ee\/fi\/wp-json\/wp\/v2\/product\/17258","targetHints":{"allow":["GET"]}}],"collection":[{"href":"https:\/\/edubags.ee\/fi\/wp-json\/wp\/v2\/product"}],"about":[{"href":"https:\/\/edubags.ee\/fi\/wp-json\/wp\/v2\/types\/product"}],"version-history":[{"count":0,"href":"https:\/\/edubags.ee\/fi\/wp-json\/wp\/v2\/product\/17258\/revisions"}],"wp:featuredmedia":[{"embeddable":true,"href":"https:\/\/edubags.ee\/fi\/wp-json\/wp\/v2\/media\/17260"}],"wp:attachment":[{"href":"https:\/\/edubags.ee\/fi\/wp-json\/wp\/v2\/media?parent=17258"}],"wp:term":[{"taxonomy":"product_brand","embeddable":true,"href":"https:\/\/edubags.ee\/fi\/wp-json\/wp\/v2\/product_brand?post=17258"},{"taxonomy":"product_cat","embeddable":true,"href":"https:\/\/edubags.ee\/fi\/wp-json\/wp\/v2\/product_cat?post=17258"},{"taxonomy":"product_tag","embeddable":true,"href":"https:\/\/edubags.ee\/fi\/wp-json\/wp\/v2\/product_tag?post=17258"}],"curies":[{"name":"wp","href":"https:\/\/api.w.org\/{rel}","templated":true}]}}