{"id":17245,"date":"2025-12-16T21:03:44","date_gmt":"2025-12-16T21:03:44","guid":{"rendered":"https:\/\/edubags.ee\/toode\/henkilokohtainen-pullonavaaja\/"},"modified":"2025-12-16T21:03:44","modified_gmt":"2025-12-16T21:03:44","slug":"henkilokohtainen-pullonavaaja","status":"publish","type":"product","link":"https:\/\/edubags.ee\/fi\/toode\/henkilokohtainen-pullonavaaja\/","title":{"rendered":"Henkil\u00f6kohtainen pullonavaaja"},"content":{"rendered":"<p>Laadukas metallinen sublimaatiopulloavaaja, joka on suunniteltu tyhj\u00e4ksi painatusta varten asiakkaan idean toteuttamiseksi. Erinomainen ratkaisu yrityslahjaksi, mainostuotteeksi tai henkil\u00f6kohtaiseksi lahjaksi. <\/p>\n<p>Valkoinen sublimaatiopinta mahdollistaa t\u00e4ysv\u00e4risten kuvioiden, logojen tai tekstien painamisen, mik\u00e4 takaa selke\u00e4n ja kest\u00e4v\u00e4n lopputuloksen jopa p\u00e4ivitt\u00e4isess\u00e4 k\u00e4yt\u00f6ss\u00e4.<\/p>\n","protected":false},"excerpt":{"rendered":"<p>Ihanteellinen mainostuote, yrityslahja tai jokap\u00e4iv\u00e4iseen k\u00e4ytt\u00f6\u00f6n.<\/p>\n<p>Erikoishinta voimassa, kun tilaat v\u00e4hint\u00e4\u00e4n 25 kappaletta!<\/p>\n","protected":false},"featured_media":17246,"template":"","meta":[],"product_brand":[],"product_cat":[187,184],"product_tag":[],"class_list":{"0":"post-17245","1":"product","2":"type-product","3":"status-publish","4":"has-post-thumbnail","6":"product_cat-pullonavaajat","7":"product_cat-sublimaatiotuotteet","9":"first","10":"instock","11":"shipping-taxable","12":"purchasable","13":"product-type-simple"},"_links":{"self":[{"href":"https:\/\/edubags.ee\/fi\/wp-json\/wp\/v2\/product\/17245","targetHints":{"allow":["GET"]}}],"collection":[{"href":"https:\/\/edubags.ee\/fi\/wp-json\/wp\/v2\/product"}],"about":[{"href":"https:\/\/edubags.ee\/fi\/wp-json\/wp\/v2\/types\/product"}],"version-history":[{"count":0,"href":"https:\/\/edubags.ee\/fi\/wp-json\/wp\/v2\/product\/17245\/revisions"}],"wp:featuredmedia":[{"embeddable":true,"href":"https:\/\/edubags.ee\/fi\/wp-json\/wp\/v2\/media\/17246"}],"wp:attachment":[{"href":"https:\/\/edubags.ee\/fi\/wp-json\/wp\/v2\/media?parent=17245"}],"wp:term":[{"taxonomy":"product_brand","embeddable":true,"href":"https:\/\/edubags.ee\/fi\/wp-json\/wp\/v2\/product_brand?post=17245"},{"taxonomy":"product_cat","embeddable":true,"href":"https:\/\/edubags.ee\/fi\/wp-json\/wp\/v2\/product_cat?post=17245"},{"taxonomy":"product_tag","embeddable":true,"href":"https:\/\/edubags.ee\/fi\/wp-json\/wp\/v2\/product_tag?post=17245"}],"curies":[{"name":"wp","href":"https:\/\/api.w.org\/{rel}","templated":true}]}}