{"id":17231,"date":"2025-12-16T15:29:33","date_gmt":"2025-12-16T15:29:33","guid":{"rendered":"https:\/\/edubags.ee\/toode\/henkilokohtainen-muistikirja\/"},"modified":"2025-12-16T15:29:33","modified_gmt":"2025-12-16T15:29:33","slug":"henkilokohtainen-muistikirja","status":"publish","type":"product","link":"https:\/\/edubags.ee\/fi\/toode\/henkilokohtainen-muistikirja\/","title":{"rendered":"Henkil\u00f6kohtainen muistikirja"},"content":{"rendered":"<p>Laadukas sublimaatiotekniikalla valmistettu muistikirja, joka on suunniteltu tyhj\u00e4ksi kankaaksi asiakkaan ideoille. Muistikirjan kannessa oleva sublimaatiotuloste takaa selke\u00e4n, t\u00e4ysv\u00e4risen ja kest\u00e4v\u00e4n lopputuloksen jopa p\u00e4ivitt\u00e4isess\u00e4 k\u00e4yt\u00f6ss\u00e4. <\/p>\n<p>Erikoishinta koskee v\u00e4hint\u00e4\u00e4n 25 kappaleen tilauksia!<\/p>\n","protected":false},"excerpt":{"rendered":"<p>Muistikirja, jossa on oma suunnittelusi \u2013 olipa se sitten logo, teksti, kuva tai muu kuvio. Tuloksena on k\u00e4yt\u00e4nn\u00f6llinen ja ainutlaatuinen tuote, joka sopii sek\u00e4 lahjaksi ett\u00e4 yrityksesi br\u00e4ndin edustamiseen koulutuksissa, seminaareissa ja tapahtumissa. <\/p>\n","protected":false},"featured_media":17218,"template":"","meta":[],"product_brand":[],"product_cat":[298,184],"product_tag":[],"class_list":{"0":"post-17231","1":"product","2":"type-product","3":"status-publish","4":"has-post-thumbnail","6":"product_cat-muu","7":"product_cat-sublimaatiotuotteet","9":"first","10":"instock","11":"shipping-taxable","12":"purchasable","13":"product-type-simple"},"_links":{"self":[{"href":"https:\/\/edubags.ee\/fi\/wp-json\/wp\/v2\/product\/17231","targetHints":{"allow":["GET"]}}],"collection":[{"href":"https:\/\/edubags.ee\/fi\/wp-json\/wp\/v2\/product"}],"about":[{"href":"https:\/\/edubags.ee\/fi\/wp-json\/wp\/v2\/types\/product"}],"version-history":[{"count":0,"href":"https:\/\/edubags.ee\/fi\/wp-json\/wp\/v2\/product\/17231\/revisions"}],"wp:featuredmedia":[{"embeddable":true,"href":"https:\/\/edubags.ee\/fi\/wp-json\/wp\/v2\/media\/17218"}],"wp:attachment":[{"href":"https:\/\/edubags.ee\/fi\/wp-json\/wp\/v2\/media?parent=17231"}],"wp:term":[{"taxonomy":"product_brand","embeddable":true,"href":"https:\/\/edubags.ee\/fi\/wp-json\/wp\/v2\/product_brand?post=17231"},{"taxonomy":"product_cat","embeddable":true,"href":"https:\/\/edubags.ee\/fi\/wp-json\/wp\/v2\/product_cat?post=17231"},{"taxonomy":"product_tag","embeddable":true,"href":"https:\/\/edubags.ee\/fi\/wp-json\/wp\/v2\/product_tag?post=17231"}],"curies":[{"name":"wp","href":"https:\/\/api.w.org\/{rel}","templated":true}]}}