{"id":17209,"date":"2025-12-15T21:15:33","date_gmt":"2025-12-15T21:15:33","guid":{"rendered":"https:\/\/edubags.ee\/toode\/henkilokohtainen-sublimaatiomuki\/"},"modified":"2025-12-15T21:15:33","modified_gmt":"2025-12-15T21:15:33","slug":"henkilokohtainen-sublimaatiomuki","status":"publish","type":"product","link":"https:\/\/edubags.ee\/fi\/toode\/henkilokohtainen-sublimaatiomuki\/","title":{"rendered":"Henkil\u00f6kohtainen sublimaatiomuki"},"content":{"rendered":"<p>Laadukas keraaminen sublimaatiomuki, joka on suunniteltu tulostusalustaksi asiakkaan idean toteuttamista varten. Mukissa on kest\u00e4v\u00e4 J.S-pinnoitettu sublimaatiopinta, joka takaa kirkkaat ja el\u00e4v\u00e4t v\u00e4rit my\u00f6s pitk\u00e4aikaisessa k\u00e4yt\u00f6ss\u00e4. <\/p>\n<p>Tilaa muki omalla kuvalla, tekstill\u00e4, logolla tai muulla kuvalla. Tuloksena on k\u00e4yt\u00e4nn\u00f6llinen ja ainutlaatuinen tuote, joka sopii sek\u00e4 lahjaksi ett\u00e4 yrityksen visuaaliseksi edustukseksi. <\/p>\n","protected":false},"excerpt":{"rendered":"<p>Laadukas keraaminen muki, jossa on J.S-pinnoitettu sublimaatiopinta, jolle painamme haluamasi kuvion.<\/p>\n<p>Erikoishinta koskee v\u00e4hint\u00e4\u00e4n 25 kappaleen tilauksia!<\/p>\n","protected":false},"featured_media":17210,"template":"","meta":[],"product_brand":[],"product_cat":[186,184],"product_tag":[],"class_list":{"0":"post-17209","1":"product","2":"type-product","3":"status-publish","4":"has-post-thumbnail","6":"product_cat-mukit","7":"product_cat-sublimaatiotuotteet","9":"first","10":"instock","11":"shipping-taxable","12":"purchasable","13":"product-type-simple"},"_links":{"self":[{"href":"https:\/\/edubags.ee\/fi\/wp-json\/wp\/v2\/product\/17209","targetHints":{"allow":["GET"]}}],"collection":[{"href":"https:\/\/edubags.ee\/fi\/wp-json\/wp\/v2\/product"}],"about":[{"href":"https:\/\/edubags.ee\/fi\/wp-json\/wp\/v2\/types\/product"}],"version-history":[{"count":0,"href":"https:\/\/edubags.ee\/fi\/wp-json\/wp\/v2\/product\/17209\/revisions"}],"wp:featuredmedia":[{"embeddable":true,"href":"https:\/\/edubags.ee\/fi\/wp-json\/wp\/v2\/media\/17210"}],"wp:attachment":[{"href":"https:\/\/edubags.ee\/fi\/wp-json\/wp\/v2\/media?parent=17209"}],"wp:term":[{"taxonomy":"product_brand","embeddable":true,"href":"https:\/\/edubags.ee\/fi\/wp-json\/wp\/v2\/product_brand?post=17209"},{"taxonomy":"product_cat","embeddable":true,"href":"https:\/\/edubags.ee\/fi\/wp-json\/wp\/v2\/product_cat?post=17209"},{"taxonomy":"product_tag","embeddable":true,"href":"https:\/\/edubags.ee\/fi\/wp-json\/wp\/v2\/product_tag?post=17209"}],"curies":[{"name":"wp","href":"https:\/\/api.w.org\/{rel}","templated":true}]}}