{"id":17189,"date":"2025-12-15T18:53:40","date_gmt":"2025-12-15T18:53:40","guid":{"rendered":"https:\/\/edubags.ee\/toode\/kayntikortti\/"},"modified":"2025-12-15T19:03:18","modified_gmt":"2025-12-15T19:03:18","slug":"kayntikortti","status":"publish","type":"product","link":"https:\/\/edubags.ee\/fi\/toode\/kayntikortti\/","title":{"rendered":"K\u00e4yntikortti"},"content":{"rendered":"<p>Metallikortti on kest\u00e4v\u00e4 ja tyylik\u00e4s vaihtoehto perinteiselle k\u00e4yntikortille. Se sopii erinomaisesti k\u00e4yntikortteihin, lahjakortteihin tai muihin erityistarkoituksiin, joissa haluat j\u00e4tt\u00e4\u00e4 ammattimaisen ja laadukkaan vaikutelman. Metallikortti on kest\u00e4v\u00e4, huomiota her\u00e4tt\u00e4v\u00e4 ja auttaa br\u00e4ndi\u00e4si erottumaan muista.<\/p>\n","protected":false},"excerpt":{"rendered":"<p>Metallikortti on kest\u00e4v\u00e4 ja tyylik\u00e4s ratkaisu k\u00e4yntikortiksi, lahjakortiksi tai erityistarkoituksiin, joka j\u00e4tt\u00e4\u00e4 ammattimaisen ja mieleenpainuvan vaikutelman.<br \/>\nMitat: 5,5 \u00d7 8,5 cm, paksuus 0,2 mm.<br \/>\n<br data-start=\"153\" data-end=\"156\"><br \/>V\u00e4himm\u00e4istilausm\u00e4\u00e4r\u00e4 50 kpl.<\/p>\n","protected":false},"featured_media":17190,"template":"","meta":[],"product_brand":[],"product_cat":[188,184],"product_tag":[],"class_list":{"0":"post-17189","1":"product","2":"type-product","3":"status-publish","4":"has-post-thumbnail","6":"product_cat-kayntikortit","7":"product_cat-sublimaatiotuotteet","9":"first","10":"instock","11":"shipping-taxable","12":"purchasable","13":"product-type-simple"},"_links":{"self":[{"href":"https:\/\/edubags.ee\/fi\/wp-json\/wp\/v2\/product\/17189","targetHints":{"allow":["GET"]}}],"collection":[{"href":"https:\/\/edubags.ee\/fi\/wp-json\/wp\/v2\/product"}],"about":[{"href":"https:\/\/edubags.ee\/fi\/wp-json\/wp\/v2\/types\/product"}],"version-history":[{"count":1,"href":"https:\/\/edubags.ee\/fi\/wp-json\/wp\/v2\/product\/17189\/revisions"}],"predecessor-version":[{"id":17193,"href":"https:\/\/edubags.ee\/fi\/wp-json\/wp\/v2\/product\/17189\/revisions\/17193"}],"wp:featuredmedia":[{"embeddable":true,"href":"https:\/\/edubags.ee\/fi\/wp-json\/wp\/v2\/media\/17190"}],"wp:attachment":[{"href":"https:\/\/edubags.ee\/fi\/wp-json\/wp\/v2\/media?parent=17189"}],"wp:term":[{"taxonomy":"product_brand","embeddable":true,"href":"https:\/\/edubags.ee\/fi\/wp-json\/wp\/v2\/product_brand?post=17189"},{"taxonomy":"product_cat","embeddable":true,"href":"https:\/\/edubags.ee\/fi\/wp-json\/wp\/v2\/product_cat?post=17189"},{"taxonomy":"product_tag","embeddable":true,"href":"https:\/\/edubags.ee\/fi\/wp-json\/wp\/v2\/product_tag?post=17189"}],"curies":[{"name":"wp","href":"https:\/\/api.w.org\/{rel}","templated":true}]}}