{"id":17169,"date":"2025-12-15T12:44:16","date_gmt":"2025-12-15T12:44:16","guid":{"rendered":"https:\/\/edubags.ee\/toode\/hiirimatto\/"},"modified":"2025-12-16T11:00:33","modified_gmt":"2025-12-16T11:00:33","slug":"hiirimatto","status":"publish","type":"product","link":"https:\/\/edubags.ee\/fi\/toode\/hiirimatto\/","title":{"rendered":"Henkil\u00f6kohtainen hiirimatto"},"content":{"rendered":"<p>Mukauta ty\u00f6p\u00f6yt\u00e4si! Sublimaatiotekniikkaan sopiva hiirimatto mahdollistaa valitsemasi kuvan, logon tai graafisen kuvion siirt\u00e4misen matolle. Sile\u00e4 polyesteripinta takaa el\u00e4v\u00e4t ja tarkat v\u00e4rit sek\u00e4 sujuvan hiiren liikkeen. Luistamaton kumipohja pit\u00e4\u00e4 maton tukevasti paikallaan my\u00f6s intensiivisess\u00e4 k\u00e4yt\u00f6ss\u00e4, joten se on mukava sek\u00e4 toimistoty\u00f6ss\u00e4 ett\u00e4 pelaamisessa.<\/p>\n<p>Erikoishinta koskee v\u00e4hint\u00e4\u00e4n 25 kappaleen tilauksia!<\/p>\n","protected":false},"excerpt":{"rendered":"<p>Hiirimatto, jonka asiakkaat voivat muokata omalla kuvalla, logolla tai piirroksella. Luistamaton kumipohja pit\u00e4\u00e4 maton tukevasti paikallaan, ja sile\u00e4 polyesteripinta takaa kirkkaat v\u00e4rit ja sujuvan hiiren liikkeen sek\u00e4 ty\u00f6ss\u00e4 ett\u00e4 peliss\u00e4.<\/p>\n","protected":false},"featured_media":17172,"template":"","meta":[],"product_brand":[],"product_cat":[185,184],"product_tag":[],"class_list":{"0":"post-17169","1":"product","2":"type-product","3":"status-publish","4":"has-post-thumbnail","6":"product_cat-hiirimatot","7":"product_cat-sublimaatiotuotteet","9":"first","10":"instock","11":"shipping-taxable","12":"purchasable","13":"product-type-variable"},"_links":{"self":[{"href":"https:\/\/edubags.ee\/fi\/wp-json\/wp\/v2\/product\/17169","targetHints":{"allow":["GET"]}}],"collection":[{"href":"https:\/\/edubags.ee\/fi\/wp-json\/wp\/v2\/product"}],"about":[{"href":"https:\/\/edubags.ee\/fi\/wp-json\/wp\/v2\/types\/product"}],"version-history":[{"count":2,"href":"https:\/\/edubags.ee\/fi\/wp-json\/wp\/v2\/product\/17169\/revisions"}],"predecessor-version":[{"id":17216,"href":"https:\/\/edubags.ee\/fi\/wp-json\/wp\/v2\/product\/17169\/revisions\/17216"}],"wp:featuredmedia":[{"embeddable":true,"href":"https:\/\/edubags.ee\/fi\/wp-json\/wp\/v2\/media\/17172"}],"wp:attachment":[{"href":"https:\/\/edubags.ee\/fi\/wp-json\/wp\/v2\/media?parent=17169"}],"wp:term":[{"taxonomy":"product_brand","embeddable":true,"href":"https:\/\/edubags.ee\/fi\/wp-json\/wp\/v2\/product_brand?post=17169"},{"taxonomy":"product_cat","embeddable":true,"href":"https:\/\/edubags.ee\/fi\/wp-json\/wp\/v2\/product_cat?post=17169"},{"taxonomy":"product_tag","embeddable":true,"href":"https:\/\/edubags.ee\/fi\/wp-json\/wp\/v2\/product_tag?post=17169"}],"curies":[{"name":"wp","href":"https:\/\/api.w.org\/{rel}","templated":true}]}}