{"id":16791,"date":"2025-11-13T18:39:05","date_gmt":"2025-11-13T18:39:05","guid":{"rendered":"https:\/\/edubags.ee\/toode\/puuvillainen-kassi\/"},"modified":"2025-12-19T09:46:27","modified_gmt":"2025-12-19T09:46:27","slug":"puuvillainen-kassi","status":"publish","type":"product","link":"https:\/\/edubags.ee\/fi\/toode\/puuvillainen-kassi\/","title":{"rendered":"100 % luonnonpuuvillainen kiristysnauhallinen kassi"},"content":{"rendered":"<p data-start=\"236\" data-end=\"498\">K\u00e4yt\u00e4nn\u00f6llinen ja tyylik\u00e4s kiristysnauhallinen kassi, valmistettu 100 % luonnonpuuvillasta, sopii p\u00e4ivitt\u00e4iseen k\u00e4ytt\u00f6\u00f6n kaupungissa, koulussa, kuntosalilla tai matkoilla. Klassinen minimalistinen muotoilu ja vahvat puuvillaiset kiristysnauhat tekev\u00e4t kassista mukavan kantaa ja helppok\u00e4ytt\u00f6isen. <\/p>\n<p data-start=\"500\" data-end=\"708\">Erikoishinta koskee yli 100 tuotteen ostoksia!<\/p>\n","protected":false},"excerpt":{"rendered":"<p>Laukku on valmistettu luonnollisesta puuvillakankaasta, joka on hengitt\u00e4v\u00e4\u00e4, kest\u00e4v\u00e4\u00e4 ja ymp\u00e4rist\u00f6yst\u00e4v\u00e4llist\u00e4. Yksinkertaisen kiristysnauhan ansiosta laukku on helppo avata ja sulkea, ja sit\u00e4 voi kantaa sel\u00e4ss\u00e4 tai olkap\u00e4\u00e4ll\u00e4. <\/p>\n","protected":false},"featured_media":17276,"template":"","meta":[],"product_brand":[],"product_cat":[126,181],"product_tag":[],"class_list":{"0":"post-16791","1":"product","2":"type-product","3":"status-publish","4":"has-post-thumbnail","6":"product_cat-kangaskassit","7":"product_cat-reppuja-2","8":"pa_varv-luonnollinen","9":"pa_varv-pakollinen","11":"first","12":"instock","13":"shipping-taxable","14":"purchasable","15":"product-type-variable"},"_links":{"self":[{"href":"https:\/\/edubags.ee\/fi\/wp-json\/wp\/v2\/product\/16791","targetHints":{"allow":["GET"]}}],"collection":[{"href":"https:\/\/edubags.ee\/fi\/wp-json\/wp\/v2\/product"}],"about":[{"href":"https:\/\/edubags.ee\/fi\/wp-json\/wp\/v2\/types\/product"}],"version-history":[{"count":1,"href":"https:\/\/edubags.ee\/fi\/wp-json\/wp\/v2\/product\/16791\/revisions"}],"predecessor-version":[{"id":17279,"href":"https:\/\/edubags.ee\/fi\/wp-json\/wp\/v2\/product\/16791\/revisions\/17279"}],"wp:featuredmedia":[{"embeddable":true,"href":"https:\/\/edubags.ee\/fi\/wp-json\/wp\/v2\/media\/17276"}],"wp:attachment":[{"href":"https:\/\/edubags.ee\/fi\/wp-json\/wp\/v2\/media?parent=16791"}],"wp:term":[{"taxonomy":"product_brand","embeddable":true,"href":"https:\/\/edubags.ee\/fi\/wp-json\/wp\/v2\/product_brand?post=16791"},{"taxonomy":"product_cat","embeddable":true,"href":"https:\/\/edubags.ee\/fi\/wp-json\/wp\/v2\/product_cat?post=16791"},{"taxonomy":"product_tag","embeddable":true,"href":"https:\/\/edubags.ee\/fi\/wp-json\/wp\/v2\/product_tag?post=16791"}],"curies":[{"name":"wp","href":"https:\/\/api.w.org\/{rel}","templated":true}]}}