{"id":16776,"date":"2025-11-13T18:19:28","date_gmt":"2025-11-13T18:19:28","guid":{"rendered":"https:\/\/edubags.ee\/toode\/puuvillainen-ostoskassi-valitse-kahvojen-vari\/"},"modified":"2026-01-01T16:04:06","modified_gmt":"2026-01-01T16:04:06","slug":"puuvillainen-ostoskassi-valitse-kahvojen-vari","status":"publish","type":"product","link":"https:\/\/edubags.ee\/fi\/toode\/puuvillainen-ostoskassi-valitse-kahvojen-vari\/","title":{"rendered":"100 % puuvillainen ostoskassi \u2013 lis\u00e4\u00e4 persoonallisuutta kassillesi v\u00e4rikk\u00e4ill\u00e4 kahvoilla"},"content":{"rendered":"<p data-start=\"201\" data-end=\"395\">Luo ostoskassi, joka erottuu yksityiskohdistaan. Valitse nopeasti ja k\u00e4tev\u00e4sti kahvojen v\u00e4ri, jotta kassi sopii t\u00e4ydellisesti br\u00e4ndiisi, tapahtumaasi tai henkil\u00f6kohtaiseen tyyliisi. <\/p>\n<p data-start=\"397\" data-end=\"631\">V\u00e4rilliset kahvat antavat laukulle luonnetta, parantavat sen n\u00e4kyvyytt\u00e4 ja tekev\u00e4t jopa yksinkertaisesta laukusta mieleenpainuvan.<\/p>\n<p data-start=\"633\" data-end=\"786\">Ostoskassit ovat kest\u00e4vi\u00e4, uudelleenk\u00e4ytett\u00e4vi\u00e4 ja k\u00e4yt\u00e4nn\u00f6llisi\u00e4, sopivat p\u00e4ivitt\u00e4iseen k\u00e4ytt\u00f6\u00f6n, kampanjoihin, messuille ja yrityslahjoiksi.<\/p>\n","protected":false},"excerpt":{"rendered":"<p>K\u00e4yt\u00e4nn\u00f6llinen ja tyylik\u00e4s ostoskassi jokap\u00e4iv\u00e4iseen k\u00e4ytt\u00f6\u00f6n tai br\u00e4ndin esittelyyn. Valitse kahvojen v\u00e4ri tyyliisi tai br\u00e4ndiisi sopivaksi \u2013 punainen, musta tai sininen. <\/p>\n","protected":false},"featured_media":17434,"template":"","meta":[],"product_brand":[],"product_cat":[126,180],"product_tag":[],"class_list":{"0":"post-16776","1":"product","2":"type-product","3":"status-publish","4":"has-post-thumbnail","6":"product_cat-kangaskassit","7":"product_cat-klassinen","9":"first","10":"instock","11":"shipping-taxable","12":"purchasable","13":"product-type-variable"},"_links":{"self":[{"href":"https:\/\/edubags.ee\/fi\/wp-json\/wp\/v2\/product\/16776","targetHints":{"allow":["GET"]}}],"collection":[{"href":"https:\/\/edubags.ee\/fi\/wp-json\/wp\/v2\/product"}],"about":[{"href":"https:\/\/edubags.ee\/fi\/wp-json\/wp\/v2\/types\/product"}],"version-history":[{"count":1,"href":"https:\/\/edubags.ee\/fi\/wp-json\/wp\/v2\/product\/16776\/revisions"}],"predecessor-version":[{"id":17435,"href":"https:\/\/edubags.ee\/fi\/wp-json\/wp\/v2\/product\/16776\/revisions\/17435"}],"wp:featuredmedia":[{"embeddable":true,"href":"https:\/\/edubags.ee\/fi\/wp-json\/wp\/v2\/media\/17434"}],"wp:attachment":[{"href":"https:\/\/edubags.ee\/fi\/wp-json\/wp\/v2\/media?parent=16776"}],"wp:term":[{"taxonomy":"product_brand","embeddable":true,"href":"https:\/\/edubags.ee\/fi\/wp-json\/wp\/v2\/product_brand?post=16776"},{"taxonomy":"product_cat","embeddable":true,"href":"https:\/\/edubags.ee\/fi\/wp-json\/wp\/v2\/product_cat?post=16776"},{"taxonomy":"product_tag","embeddable":true,"href":"https:\/\/edubags.ee\/fi\/wp-json\/wp\/v2\/product_tag?post=16776"}],"curies":[{"name":"wp","href":"https:\/\/api.w.org\/{rel}","templated":true}]}}