{"id":16757,"date":"2025-11-13T17:35:13","date_gmt":"2025-11-13T17:35:13","guid":{"rendered":"https:\/\/edubags.ee\/toode\/puuvillainen-ostoskassi-pohja-ja-sivut\/"},"modified":"2026-01-01T17:24:17","modified_gmt":"2026-01-01T17:24:17","slug":"puuvillainen-ostoskassi-pohja-ja-sivut","status":"publish","type":"product","link":"https:\/\/edubags.ee\/fi\/toode\/puuvillainen-ostoskassi-pohja-ja-sivut\/","title":{"rendered":"100 % puuvillainen kantokassi, jossa pohja ja sivut"},"content":{"rendered":"<p data-start=\"172\" data-end=\"350\">Etk\u00f6 l\u00f6yt\u00e4nyt sopivaa laukkua varastovalikoimastamme? Tarjoamme mahdollisuuden tilata t\u00e4ysin r\u00e4\u00e4t\u00e4l\u00f6idyn 100 % puuvillaisen kantokassin, joka vastaa tarkasti vaatimuksiasi ja k\u00e4ytt\u00f6tarkoitustasi.<\/p>\n<p data-start=\"352\" data-end=\"632\">Valmistamme laukun alusta loppuun asti mittojesi mukaan \u2013 oikean kankaan ja paksuuden valinnasta valmiiseen tuotteeseen. Voit valita laukun koon, muodon, sivut ja pohjan, kahvojen tyypin ja muut yksityiskohdat, jotta lopputulos on k\u00e4yt\u00e4nn\u00f6llinen, kest\u00e4v\u00e4 ja visuaalisesti sopiva br\u00e4ndillesi.<\/p>\n<p data-start=\"634\" data-end=\"839\">Puuvillakassi on ymp\u00e4rist\u00f6yst\u00e4v\u00e4llinen, uudelleenk\u00e4ytett\u00e4v\u00e4 ja kest\u00e4v\u00e4, joten se sopii erinomaisesti p\u00e4ivitt\u00e4iseen k\u00e4ytt\u00f6\u00f6n, yrityksesi visuaaliseksi kantokassiksi tai erityisratkaisuksi tapahtumiin ja kampanjoihin.<\/p>\n<p data-start=\"841\" data-end=\"907\">Ota yhteytt\u00e4, niin luomme yhdess\u00e4 sinulle ihanteellisen kantokassin.<\/p>\n<p>Suuremmille tilauksille sovelletaan edullisempaa hintaa!<\/p>\n","protected":false},"excerpt":{"rendered":"<p>Valmistamme my\u00f6s 100 % puuvillaisia kantokasseja tilauksesta \u2013 mittojenne, tyylinne ja tarpeidenne mukaan. Kest\u00e4v\u00e4, ymp\u00e4rist\u00f6yst\u00e4v\u00e4llinen ja ihanteellinen tapa tehd\u00e4 br\u00e4ndist\u00e4si n\u00e4kyv\u00e4.<\/p>\n","protected":false},"featured_media":17361,"template":"","meta":[],"product_brand":[],"product_cat":[126,180],"product_tag":[],"class_list":{"0":"post-16757","1":"product","2":"type-product","3":"status-publish","4":"has-post-thumbnail","6":"product_cat-kangaskassit","7":"product_cat-klassinen","8":"pa_varv-kuninkaansininen","9":"pa_varv-luonnollinen","10":"pa_varv-pakollinen","11":"pa_varv-sali","12":"pa_varv-tummansininen","14":"first","15":"instock","16":"shipping-taxable","17":"purchasable","18":"product-type-variable"},"_links":{"self":[{"href":"https:\/\/edubags.ee\/fi\/wp-json\/wp\/v2\/product\/16757","targetHints":{"allow":["GET"]}}],"collection":[{"href":"https:\/\/edubags.ee\/fi\/wp-json\/wp\/v2\/product"}],"about":[{"href":"https:\/\/edubags.ee\/fi\/wp-json\/wp\/v2\/types\/product"}],"version-history":[{"count":1,"href":"https:\/\/edubags.ee\/fi\/wp-json\/wp\/v2\/product\/16757\/revisions"}],"predecessor-version":[{"id":17421,"href":"https:\/\/edubags.ee\/fi\/wp-json\/wp\/v2\/product\/16757\/revisions\/17421"}],"wp:featuredmedia":[{"embeddable":true,"href":"https:\/\/edubags.ee\/fi\/wp-json\/wp\/v2\/media\/17361"}],"wp:attachment":[{"href":"https:\/\/edubags.ee\/fi\/wp-json\/wp\/v2\/media?parent=16757"}],"wp:term":[{"taxonomy":"product_brand","embeddable":true,"href":"https:\/\/edubags.ee\/fi\/wp-json\/wp\/v2\/product_brand?post=16757"},{"taxonomy":"product_cat","embeddable":true,"href":"https:\/\/edubags.ee\/fi\/wp-json\/wp\/v2\/product_cat?post=16757"},{"taxonomy":"product_tag","embeddable":true,"href":"https:\/\/edubags.ee\/fi\/wp-json\/wp\/v2\/product_tag?post=16757"}],"curies":[{"name":"wp","href":"https:\/\/api.w.org\/{rel}","templated":true}]}}