{"id":16746,"date":"2025-11-13T17:09:14","date_gmt":"2025-11-13T17:09:14","guid":{"rendered":"https:\/\/edubags.ee\/toode\/puuvillainen-ostoskassi\/"},"modified":"2026-01-01T16:19:58","modified_gmt":"2026-01-01T16:19:58","slug":"puuvillainen-ostoskassi","status":"publish","type":"product","link":"https:\/\/edubags.ee\/fi\/toode\/puuvillainen-ostoskassi\/","title":{"rendered":"100 % puuvillainen kantokassi"},"content":{"rendered":"<p>100 % luonnonpuuvillainen kantokassi, joka sopii t\u00e4ydellisesti arkeen, ostoksille, t\u00f6ihin, kouluun tai tapahtumiin. Vahva puuvillakangas ja laadukkaat ompeleet takaavat laukun kest\u00e4vyyden ja pitk\u00e4n k\u00e4ytt\u00f6i\u00e4n. Pitk\u00e4t kahvat mahdollistavat mukavan kantamisen sek\u00e4 k\u00e4dess\u00e4 ett\u00e4 olalla.  <\/p>\n<p>Asiakkaan toiveesta tarjoamme mahdollisuuden lis\u00e4t\u00e4 asiakkaalleen omat kuvat, tekstit tai muut visuaaliset ratkaisut.<\/p>\n<p>Erikoishinta koskee 100 kappaleen tai suurempia tilauksia!<\/p>\n","protected":false},"excerpt":{"rendered":"<p>Etk\u00f6 l\u00f6yt\u00e4nyt sopivaa kassia varastovalikoimastamme? Luomme juuri sinun tarpeisiisi sopivan ratkaisun \u2013 kankaan valinnasta valmiiseen kassiin asti, tarkalleen mittojesi ja toiveidesi mukaan.<\/p>\n","protected":false},"featured_media":17454,"template":"","meta":[],"product_brand":[],"product_cat":[126,180],"product_tag":[],"class_list":{"0":"post-16746","1":"product","2":"type-product","3":"status-publish","4":"has-post-thumbnail","6":"product_cat-kangaskassit","7":"product_cat-klassinen","8":"pa_varv-keltainen","9":"pa_varv-kuninkaansininen","10":"pa_varv-lilla","11":"pa_varv-luonnollinen","12":"pa_varv-oranssi","13":"pa_varv-pakollinen","14":"pa_varv-punainen","15":"pa_varv-roosa","16":"pa_varv-sali","17":"pa_varv-tummansininen","18":"pa_varv-tummanvihrea","19":"pa_varv-vaaleansininen","20":"pa_varv-vaaleanvihrea","21":"pa_varv-valge","22":"pa_varv-viininpunainen","24":"first","25":"instock","26":"shipping-taxable","27":"purchasable","28":"product-type-variable"},"_links":{"self":[{"href":"https:\/\/edubags.ee\/fi\/wp-json\/wp\/v2\/product\/16746","targetHints":{"allow":["GET"]}}],"collection":[{"href":"https:\/\/edubags.ee\/fi\/wp-json\/wp\/v2\/product"}],"about":[{"href":"https:\/\/edubags.ee\/fi\/wp-json\/wp\/v2\/types\/product"}],"version-history":[{"count":2,"href":"https:\/\/edubags.ee\/fi\/wp-json\/wp\/v2\/product\/16746\/revisions"}],"predecessor-version":[{"id":17425,"href":"https:\/\/edubags.ee\/fi\/wp-json\/wp\/v2\/product\/16746\/revisions\/17425"}],"wp:featuredmedia":[{"embeddable":true,"href":"https:\/\/edubags.ee\/fi\/wp-json\/wp\/v2\/media\/17454"}],"wp:attachment":[{"href":"https:\/\/edubags.ee\/fi\/wp-json\/wp\/v2\/media?parent=16746"}],"wp:term":[{"taxonomy":"product_brand","embeddable":true,"href":"https:\/\/edubags.ee\/fi\/wp-json\/wp\/v2\/product_brand?post=16746"},{"taxonomy":"product_cat","embeddable":true,"href":"https:\/\/edubags.ee\/fi\/wp-json\/wp\/v2\/product_cat?post=16746"},{"taxonomy":"product_tag","embeddable":true,"href":"https:\/\/edubags.ee\/fi\/wp-json\/wp\/v2\/product_tag?post=16746"}],"curies":[{"name":"wp","href":"https:\/\/api.w.org\/{rel}","templated":true}]}}