{"id":16542,"date":"2021-10-12T15:51:09","date_gmt":"2021-10-12T15:51:09","guid":{"rendered":"https:\/\/edubags.ee\/useimmiten\/"},"modified":"2025-11-10T21:41:00","modified_gmt":"2025-11-10T21:41:00","slug":"useimmiten","status":"publish","type":"page","link":"https:\/\/edubags.ee\/fi\/useimmiten\/","title":{"rendered":"Meist\u00e4"},"content":{"rendered":"\t\t<div data-elementor-type=\"wp-page\" data-elementor-id=\"16542\" class=\"elementor elementor-16542 elementor-4400\" data-elementor-post-type=\"page\">\n\t\t\t\t<div class=\"wd-negative-gap elementor-element elementor-element-4534e56 wd-section-stretch e-flex e-con-boxed e-con e-parent\" data-id=\"4534e56\" data-element_type=\"container\" data-e-type=\"container\" data-settings=\"{&quot;background_background&quot;:&quot;classic&quot;}\">\n\t\t\t\t\t<div class=\"e-con-inner\">\n\t\t<div class=\"elementor-element elementor-element-3c2b0ef e-con-full e-flex e-con e-child\" data-id=\"3c2b0ef\" data-element_type=\"container\" data-e-type=\"container\">\n\t\t\t\t<div class=\"elementor-element elementor-element-5d57672 elementor-widget__width-initial elementor-widget-tablet__width-inherit wd-width-100 elementor-widget elementor-widget-wd_title\" data-id=\"5d57672\" data-element_type=\"widget\" data-e-type=\"widget\" data-widget_type=\"wd_title.default\">\n\t\t\t\t<div class=\"elementor-widget-container\">\n\t\t\t\t\t\t\t<div class=\"title-wrapper wd-set-mb reset-last-child wd-title-color-primary wd-title-style-default wd-title-size-large text-left\">\n\n\t\t\t\t\t\t\t\t\t\t\t<div class=\"title-subtitle subtitle-color-primary subtitle-style-default wd-fontsize-xs\">\n\t\t\t\t\tMEIST\u00c4\t\t\t\t<\/div>\n\t\t\t\n\t\t\t<div class=\"liner-continer\">\n\t\t\t\t<h4 class=\"woodmart-title-container title wd-fontsize-xxl\">Meit\u00e4 yhdist\u00e4\u00e4 halu tehd\u00e4 yhteisty\u00f6t\u00e4 ja vilpit\u00f6n toive luoda korkealaatuisia ratkaisuja.<\/h4> \n\t\t\t\t\t\t\t<\/div>\n\n\t\t\t\t\t<\/div>\n\t\t\t\t\t\t<\/div>\n\t\t\t\t<\/div>\n\t\t\t\t<\/div>\n\t\t<div class=\"elementor-element elementor-element-8f993de e-con-full e-flex e-con e-child\" data-id=\"8f993de\" data-element_type=\"container\" data-e-type=\"container\">\n\t\t<div class=\"elementor-element elementor-element-9daeef4 e-con-full e-flex e-con e-child\" data-id=\"9daeef4\" data-element_type=\"container\" data-e-type=\"container\">\n\t\t\t\t<div class=\"elementor-element elementor-element-5972a81 elementor-widget__width-initial elementor-widget elementor-widget-wd_infobox\" data-id=\"5972a81\" data-element_type=\"widget\" data-e-type=\"widget\" data-widget_type=\"wd_infobox.default\">\n\t\t\t\t<div class=\"elementor-widget-container\">\n\t\t\t\t\t\t\t<div class=\"info-box-wrapper\">\n\t\t\t<div class=\"wd-info-box text-left box-icon-align-top box-style-base color-scheme-\">\n\t\t\t\t\n\t\t\t\t<div class=\"info-box-content\">\n\t\t\t\t\t\n\t\t\t\t\t\t\t\t\t\t\t<h4\t\t\t\t\t\tclass=\"info-box-title title box-title-style-default wd-fontsize-m\" data-elementor-setting-key=\"title\">\n\t\t\t\t\t\t\t\tTULOSTUSPALVELUT\t\t\t\t\t\t<\/h4>\n\t\t\t\t\t\n\t\t\t\t\t<div class=\"info-box-inner reset-last-child\"data-elementor-setting-key=\"content\"><div class=\"elementor-element elementor-element-897222b elementor-widget elementor-widget-wd_infobox\" data-id=\"897222b\" data-element_type=\"widget\" data-widget_type=\"wd_infobox.default\">\n<div class=\"elementor-widget-container\">\n<div class=\"info-box-wrapper\">\n<div class=\"wd-info-box text-left box-icon-align-top box-style-base color-scheme-\">\n<div class=\"info-box-content\">\n<div class=\"info-box-inner reset-last-child\" data-elementor-setting-key=\"content\">\n<p>Kankaan painatus silkkipaino-, sublimaatio-, DTG- tai tampopainokoneilla.<\/p>\n<\/div>\n<\/div>\n<\/div>\n<\/div>\n<\/div>\n<\/div>\n<\/div>\n\n\t\t\t\t\t\t\t\t\t<\/div>\n\n\t\t\t\t\t\t\t<\/div>\n\t\t<\/div>\n\t\t\t\t\t\t<\/div>\n\t\t\t\t<\/div>\n\t\t\t\t<div class=\"elementor-element elementor-element-5722eb2 elementor-widget__width-initial elementor-widget elementor-widget-wd_infobox\" data-id=\"5722eb2\" data-element_type=\"widget\" data-e-type=\"widget\" data-widget_type=\"wd_infobox.default\">\n\t\t\t\t<div class=\"elementor-widget-container\">\n\t\t\t\t\t\t\t<div class=\"info-box-wrapper\">\n\t\t\t<div class=\"wd-info-box text-left box-icon-align-top box-style-base color-scheme-\">\n\t\t\t\t\n\t\t\t\t<div class=\"info-box-content\">\n\t\t\t\t\t\n\t\t\t\t\t\t\t\t\t\t\t<h4\t\t\t\t\t\tclass=\"info-box-title title box-title-style-default wd-fontsize-m\" data-elementor-setting-key=\"title\">\n\t\t\t\t\t\t\t\tOMPELU\t\t\t\t\t\t<\/h4>\n\t\t\t\t\t\n\t\t\t\t\t<div class=\"info-box-inner reset-last-child\"data-elementor-setting-key=\"content\"><div class=\"elementor-element elementor-element-897222b elementor-widget elementor-widget-wd_infobox\" data-id=\"897222b\" data-element_type=\"widget\" data-widget_type=\"wd_infobox.default\">\n<div class=\"elementor-widget-container\">\n<div class=\"info-box-wrapper\">\n<div class=\"wd-info-box text-left box-icon-align-top box-style-base color-scheme-\">\n<div class=\"info-box-content\">\n<div class=\"info-box-inner reset-last-child\" data-elementor-setting-key=\"content\">\n<div class=\"elementor-element elementor-element-40a5172 elementor-widget elementor-widget-wd_infobox\" data-id=\"40a5172\" data-element_type=\"widget\" data-widget_type=\"wd_infobox.default\">\n<div class=\"elementor-widget-container\">\n<div class=\"info-box-wrapper\">\n<div class=\"wd-info-box text-left box-icon-align-top box-style-base color-scheme-\">\n<div class=\"info-box-content\">\n<div class=\"info-box-inner reset-last-child\" data-elementor-setting-key=\"content\">\n<div class=\"col-lg-6 col-md-6 col-sm-12 single-column\">\n<div class=\"single-item wow fadeInRight animated\" data-wow-delay=\"00ms\" data-wow-duration=\"1500ms\">\n<div class=\"text\">Projektin toteuttaminen nykyaikaisilla ompelukoneilla.<\/div>\n<\/div>\n<\/div>\n<\/div>\n<\/div>\n<\/div>\n<\/div>\n<\/div>\n<\/div>\n<div class=\"elementor-element elementor-element-d791c2d elementor-widget elementor-widget-wd_infobox\" data-id=\"d791c2d\" data-element_type=\"widget\" data-widget_type=\"wd_infobox.default\">\n<div class=\"elementor-widget-container\">\n<div class=\"info-box-wrapper\">\n<div class=\"wd-info-box text-left box-icon-align-top box-style-base color-scheme-\">\n<div class=\"info-box-content\"> <\/div>\n<\/div>\n<\/div>\n<\/div>\n<\/div>\n<\/div>\n<\/div>\n<\/div>\n<\/div>\n<\/div>\n<\/div>\n<\/div>\n\n\t\t\t\t\t\t\t\t\t<\/div>\n\n\t\t\t\t\t\t\t<\/div>\n\t\t<\/div>\n\t\t\t\t\t\t<\/div>\n\t\t\t\t<\/div>\n\t\t\t\t<\/div>\n\t\t<div class=\"elementor-element elementor-element-528fa23 e-con-full e-flex e-con e-child\" data-id=\"528fa23\" data-element_type=\"container\" data-e-type=\"container\">\n\t\t\t\t<div class=\"elementor-element elementor-element-01c04e6 elementor-widget__width-initial elementor-widget elementor-widget-wd_infobox\" data-id=\"01c04e6\" data-element_type=\"widget\" data-e-type=\"widget\" data-widget_type=\"wd_infobox.default\">\n\t\t\t\t<div class=\"elementor-widget-container\">\n\t\t\t\t\t\t\t<div class=\"info-box-wrapper\">\n\t\t\t<div class=\"wd-info-box text-left box-icon-align-top box-style-base color-scheme-\">\n\t\t\t\t\n\t\t\t\t<div class=\"info-box-content\">\n\t\t\t\t\t\n\t\t\t\t\t\t\t\t\t\t\t<h4\t\t\t\t\t\tclass=\"info-box-title title box-title-style-default wd-fontsize-m\" data-elementor-setting-key=\"title\">\n\t\t\t\t\t\t\t\tTUOTEKEHITYS\t\t\t\t\t\t<\/h4>\n\t\t\t\t\t\n\t\t\t\t\t<div class=\"info-box-inner reset-last-child\"data-elementor-setting-key=\"content\"><div class=\"elementor-element elementor-element-897222b elementor-widget elementor-widget-wd_infobox\" data-id=\"897222b\" data-element_type=\"widget\" data-widget_type=\"wd_infobox.default\">\n<div class=\"elementor-widget-container\">\n<div class=\"info-box-wrapper\">\n<div class=\"wd-info-box text-left box-icon-align-top box-style-base color-scheme-\">\n<div class=\"info-box-content\">\n<div class=\"info-box-inner reset-last-child\" data-elementor-setting-key=\"content\">\n<div class=\"col-lg-6 col-md-6 col-sm-12 single-column\">\n<div class=\"single-item wow fadeInLeft animated\" data-wow-delay=\"00ms\" data-wow-duration=\"1500ms\">\n<div class=\"text\">\n<div class=\"elementor-element elementor-element-40a5172 elementor-widget elementor-widget-wd_infobox\" data-id=\"40a5172\" data-element_type=\"widget\" data-widget_type=\"wd_infobox.default\">\n<div class=\"elementor-widget-container\">\n<div class=\"info-box-wrapper\">\n<div class=\"wd-info-box text-left box-icon-align-top box-style-base color-scheme-\">\n<div class=\"info-box-content\">\n<div class=\"info-box-inner reset-last-child\" data-elementor-setting-key=\"content\">\n<div class=\"col-lg-6 col-md-6 col-sm-12 single-column\">\n<div class=\"single-item wow fadeInRight animated\" data-wow-delay=\"00ms\" data-wow-duration=\"1500ms\">\n<div class=\"text\">\n<div class=\"col-lg-6 col-md-6 col-sm-12 single-column\">\n<div class=\"single-item wow fadeInLeft animated\" data-wow-delay=\"00ms\" data-wow-duration=\"1500ms\">\n<div class=\"text\">Prototyypin valmistus asiakkaan n\u00e4ytteen tai piirustuksen perusteella.<\/div>\n<\/div>\n<\/div>\n<\/div>\n<\/div>\n<\/div>\n<\/div>\n<\/div>\n<\/div>\n<\/div>\n<\/div>\n<\/div>\n<\/div>\n<\/div>\n<\/div>\n<\/div>\n<\/div>\n<\/div>\n<\/div>\n<\/div>\n<\/div>\n<\/div>\n\n\t\t\t\t\t\t\t\t\t<\/div>\n\n\t\t\t\t\t\t\t<\/div>\n\t\t<\/div>\n\t\t\t\t\t\t<\/div>\n\t\t\t\t<\/div>\n\t\t\t\t<div class=\"elementor-element elementor-element-0707b6d elementor-widget__width-initial elementor-widget elementor-widget-wd_infobox\" data-id=\"0707b6d\" data-element_type=\"widget\" data-e-type=\"widget\" data-widget_type=\"wd_infobox.default\">\n\t\t\t\t<div class=\"elementor-widget-container\">\n\t\t\t\t\t\t\t<div class=\"info-box-wrapper\">\n\t\t\t<div class=\"wd-info-box text-left box-icon-align-top box-style-base color-scheme-\">\n\t\t\t\t\n\t\t\t\t<div class=\"info-box-content\">\n\t\t\t\t\t\n\t\t\t\t\t\t\t\t\t\t\t<h4\t\t\t\t\t\tclass=\"info-box-title title box-title-style-default wd-fontsize-m\" data-elementor-setting-key=\"title\">\n\t\t\t\t\t\t\t\tEKOLOGINEN\t\t\t\t\t\t<\/h4>\n\t\t\t\t\t\n\t\t\t\t\t<div class=\"info-box-inner reset-last-child\"data-elementor-setting-key=\"content\"><div class=\"elementor-element elementor-element-897222b elementor-widget elementor-widget-wd_infobox\" data-id=\"897222b\" data-element_type=\"widget\" data-widget_type=\"wd_infobox.default\">\n<div class=\"elementor-widget-container\">\n<div class=\"info-box-wrapper\">\n<div class=\"wd-info-box text-left box-icon-align-top box-style-base color-scheme-\">\n<div class=\"info-box-content\">\n<div class=\"info-box-inner reset-last-child\" data-elementor-setting-key=\"content\">\n<div class=\"col-lg-6 col-md-6 col-sm-12 single-column\">\n<div class=\"single-item wow fadeInLeft animated\" data-wow-delay=\"00ms\" data-wow-duration=\"1500ms\">\n<div class=\"text\">\n<div class=\"elementor-element elementor-element-40a5172 elementor-widget elementor-widget-wd_infobox\" data-id=\"40a5172\" data-element_type=\"widget\" data-widget_type=\"wd_infobox.default\">\n<div class=\"elementor-widget-container\">\n<div class=\"info-box-wrapper\">\n<div class=\"wd-info-box text-left box-icon-align-top box-style-base color-scheme-\">\n<div class=\"info-box-content\">\n<div class=\"info-box-inner reset-last-child\" data-elementor-setting-key=\"content\">\n<div class=\"col-lg-6 col-md-6 col-sm-12 single-column\">\n<div class=\"single-item wow fadeInRight animated\" data-wow-delay=\"00ms\" data-wow-duration=\"1500ms\">\n<div class=\"text\">\n<div class=\"col-lg-6 col-md-6 col-sm-12 single-column\">\n<div class=\"single-item wow fadeInLeft animated\" data-wow-delay=\"00ms\" data-wow-duration=\"1500ms\">\n<div class=\"text\">Valmistamme tuotteitamme vain ekologisista materiaaleista.<\/div>\n<\/div>\n<\/div>\n<\/div>\n<\/div>\n<\/div>\n<\/div>\n<\/div>\n<\/div>\n<\/div>\n<\/div>\n<\/div>\n<\/div>\n<\/div>\n<\/div>\n<\/div>\n<\/div>\n<\/div>\n<\/div>\n<\/div>\n<\/div>\n<\/div>\n\n\t\t\t\t\t\t\t\t\t<\/div>\n\n\t\t\t\t\t\t\t<\/div>\n\t\t<\/div>\n\t\t\t\t\t\t<\/div>\n\t\t\t\t<\/div>\n\t\t\t\t<\/div>\n\t\t\t\t<\/div>\n\t\t\t\t\t<\/div>\n\t\t\t\t<\/div>\n\t\t<div class=\"wd-negative-gap elementor-element elementor-element-7c7c544 e-flex e-con-boxed e-con e-parent\" data-id=\"7c7c544\" data-element_type=\"container\" data-e-type=\"container\">\n\t\t\t\t\t<div class=\"e-con-inner\">\n\t\t<div class=\"elementor-element elementor-element-e7cb5cd e-con-full e-flex e-con e-child\" data-id=\"e7cb5cd\" data-element_type=\"container\" data-e-type=\"container\">\n\t\t\t\t<div class=\"elementor-element elementor-element-56aec39 elementor-widget elementor-widget-wd_image_or_svg\" data-id=\"56aec39\" data-element_type=\"widget\" data-e-type=\"widget\" data-widget_type=\"wd_image_or_svg.default\">\n\t\t\t\t<div class=\"elementor-widget-container\">\n\t\t\t\t\t\n\t\t<div class=\"wd-image text-center\">\n\t\t\t\t\t\t\t\t<img fetchpriority=\"high\" decoding=\"async\" width=\"369\" height=\"300\" src=\"https:\/\/edubags.ee\/wp-content\/uploads\/2025\/11\/edutex-logo-369x300.png\" class=\"attachment-medium size-medium\" alt=\"\" srcset=\"https:\/\/edubags.ee\/wp-content\/uploads\/2025\/11\/edutex-logo-369x300.png 369w, https:\/\/edubags.ee\/wp-content\/uploads\/2025\/11\/edutex-logo-150x122.png 150w, https:\/\/edubags.ee\/wp-content\/uploads\/2025\/11\/edutex-logo-700x569.png 700w, https:\/\/edubags.ee\/wp-content\/uploads\/2025\/11\/edutex-logo-984x800.png 984w, https:\/\/edubags.ee\/wp-content\/uploads\/2025\/11\/edutex-logo-768x625.png 768w, https:\/\/edubags.ee\/wp-content\/uploads\/2025\/11\/edutex-logo.png 1500w\" sizes=\"(max-width: 369px) 100vw, 369px\" \/>\t\t\t\t\t<\/div>\n\n\t\t\t\t\t\t<\/div>\n\t\t\t\t<\/div>\n\t\t\t\t<\/div>\n\t\t<div class=\"elementor-element elementor-element-97d6084 e-con-full e-flex e-con e-child\" data-id=\"97d6084\" data-element_type=\"container\" data-e-type=\"container\">\n\t\t\t\t<div class=\"elementor-element elementor-element-98d830b wd-width-100 elementor-widget elementor-widget-wd_title\" data-id=\"98d830b\" data-element_type=\"widget\" data-e-type=\"widget\" data-widget_type=\"wd_title.default\">\n\t\t\t\t<div class=\"elementor-widget-container\">\n\t\t\t\t\t\t\t<div class=\"title-wrapper wd-set-mb reset-last-child wd-title-color-primary wd-title-style-default wd-title-size-large text-left\">\n\n\t\t\t\t\t\t\t\t\t\t\t<div class=\"title-subtitle subtitle-color-primary subtitle-style-default wd-fontsize-xs\">\n\t\t\t\t\tEDUTEX\t\t\t\t<\/div>\n\t\t\t\n\t\t\t<div class=\"liner-continer\">\n\t\t\t\t<h4 class=\"woodmart-title-container title wd-fontsize-xxl\">Yrityksest\u00e4mme<br \/>\n<\/h4> \n\t\t\t\t\t\t\t<\/div>\n\n\t\t\t\t\t\t\t<div class=\"title-after_title reset-last-child wd-fontsize-s\">\n\t\t\t\t\t<p>Edutex Group on virolainen ompeluyritys, joka on toiminut vuodesta 1996 l\u00e4htien. Yli nelj\u00e4nnesvuosisadan aikana olemme kasvaneet luotettavaksi kumppaniksi sek\u00e4 paikallisilla ett\u00e4 kansainv\u00e4lisill\u00e4 markkinoilla. Olemme tehneet yhteisty\u00f6t\u00e4 skandinaavisten yritysten kanssa jo liiketoimintamme alkuvuosista l\u00e4htien, ja yll\u00e4pid\u00e4mme edelleen vahvoja ja vakaita liikesuhteita niiden kanssa.  <\/p><p>P\u00e4\u00e4painopisteemme on mainostuotteiden ja painettavien tuotteiden valmistuksessa, ja tarjoamme asiakkaillemme kattavia ratkaisuja tuoteideasta valmiisiin tuotteisiin. Kiinnit\u00e4mme suurta huomiota materiaalien valintaan varmistaaksemme korkean laadun ja kest\u00e4v\u00e4n lopputuloksen. <\/p><p>Tavoitteenamme on tehd\u00e4 mainostuotteista helpommin saatavia, edullisempia ja houkuttelevampia, samalla kun jatkamme tietoisesti ymp\u00e4rist\u00f6yst\u00e4v\u00e4llisten k\u00e4yt\u00e4nt\u00f6jen noudattamista.<\/p><p>Uskomme, ett\u00e4 hyv\u00e4 tuote syntyy vahvoista kumppanuuksista, hyvin suunnitellusta muotoilusta ja ammattimaisesta toteutuksesta \u2013 ja juuri t\u00e4h\u00e4n koko Edutex-konsernin toiminta perustuu.<\/p>\t\t\t\t<\/div>\n\t\t\t\t\t<\/div>\n\t\t\t\t\t\t<\/div>\n\t\t\t\t<\/div>\n\t\t<div class=\"elementor-element elementor-element-3eef7d8 e-con-full e-flex e-con e-child\" data-id=\"3eef7d8\" data-element_type=\"container\" data-e-type=\"container\">\n\t\t\t\t<\/div>\n\t\t\t\t<\/div>\n\t\t\t\t\t<\/div>\n\t\t\t\t<\/div>\n\t\t\t\t<\/div>\n\t\t","protected":false},"excerpt":{"rendered":"<p>MEIST\u00c4 Meit\u00e4 yhdist\u00e4\u00e4 halu tehd\u00e4 yhteisty\u00f6t\u00e4 ja vilpit\u00f6n toive luoda korkealaatuisia ratkaisuja. TULOSTUSPALVELUT Kankaan painatus silkkipaino-, sublimaatio-, DTG- tai tampopainokoneilla.<\/p>\n","protected":false},"author":2,"featured_media":0,"parent":0,"menu_order":0,"comment_status":"closed","ping_status":"closed","template":"","meta":{"footnotes":""},"class_list":["post-16542","page","type-page","status-publish","hentry"],"_links":{"self":[{"href":"https:\/\/edubags.ee\/fi\/wp-json\/wp\/v2\/pages\/16542","targetHints":{"allow":["GET"]}}],"collection":[{"href":"https:\/\/edubags.ee\/fi\/wp-json\/wp\/v2\/pages"}],"about":[{"href":"https:\/\/edubags.ee\/fi\/wp-json\/wp\/v2\/types\/page"}],"author":[{"embeddable":true,"href":"https:\/\/edubags.ee\/fi\/wp-json\/wp\/v2\/users\/2"}],"replies":[{"embeddable":true,"href":"https:\/\/edubags.ee\/fi\/wp-json\/wp\/v2\/comments?post=16542"}],"version-history":[{"count":3,"href":"https:\/\/edubags.ee\/fi\/wp-json\/wp\/v2\/pages\/16542\/revisions"}],"predecessor-version":[{"id":16545,"href":"https:\/\/edubags.ee\/fi\/wp-json\/wp\/v2\/pages\/16542\/revisions\/16545"}],"wp:attachment":[{"href":"https:\/\/edubags.ee\/fi\/wp-json\/wp\/v2\/media?parent=16542"}],"curies":[{"name":"wp","href":"https:\/\/api.w.org\/{rel}","templated":true}]}}